{"id":2,"date":"2017-03-30T17:02:43","date_gmt":"2017-03-30T15:02:43","guid":{"rendered":"http:\/\/efan.be\/?page_id=2"},"modified":"2026-04-21T14:36:30","modified_gmt":"2026-04-21T12:36:30","slug":"page-d-exemple","status":"publish","type":"page","link":"https:\/\/efan.be\/","title":{"rendered":"Accueil"},"content":{"rendered":"<div data-editor=\"3agj3\" data-block=\"true\" data-offset-key=\"3cpqu-0-0\">\n<div style=\"text-align: center;\" data-offset-key=\"3cpqu-0-0\"><span style=\"font-size: 18pt;\">\u00c9cole Abb\u00e9 No\u00ebl<\/span><\/div>\n<div style=\"text-align: center;\" data-offset-key=\"3cpqu-0-0\"><span style=\"font-size: x-large;\">maternelle et primaire<\/span><\/div>\n<div data-offset-key=\"3cpqu-0-0\">\u00a0<\/div>\n<div data-offset-key=\"3cpqu-0-0\"><span style=\"font-size: 12pt;\">L&rsquo;\u00e9quipe \u00e9ducative vous souhaite la bienvenue sur le site et vous remercie pour la confiance\u00a0<\/span><span style=\"font-size: 12pt;\">que vous lui t\u00e9moignez en choisissant leur \u00e9cole pour vos enfants.<\/span><\/div>\n<\/div>\n<div data-offset-key=\"3cpqu-0-0\"><span style=\"font-size: 12pt;\">Bonne d\u00e9couverte!<\/span><\/div>\n<div dir=\"auto\">________________________________________________________________________________________________<\/div>\n<table style=\"height: 4364px; width: 100%;\" width=\"887\">\n<tbody>\n<tr style=\"height: 4325px;\">\n<td style=\"height: 4325px; width: 100%;\">\n<div class=\"kvgmc6g5 cxmmr5t8 oygrvhab hcukyx3x c1et5uql ii04i59q\">\n<div dir=\"auto\">\n<div dir=\"auto\">\n<div dir=\"auto\" style=\"text-align: left;\">\n<div dir=\"auto\">\n<div dir=\"auto\">\n<div class=\"xdj266r x11i5rnm xat24cr x1mh8g0r x1vvkbs x126k92a\">\n<div dir=\"auto\">\n<div dir=\"auto\">\n<div dir=\"auto\">\n<div dir=\"auto\">\n<div dir=\"auto\">\n<div class=\"xdj266r x14z9mp xat24cr x1lziwak x1vvkbs x126k92a\">\n<div dir=\"auto\">\n<div class=\"xdj266r x14z9mp xat24cr x1lziwak x1vvkbs x126k92a\">A l&rsquo;EFAN, nous r\u00e9coltons les piles et les bouchons en plastiques <span class=\"html-span xexx8yu xyri2b x18d9i69 x1c1uobl x1hl2dhg x16tdsg8 x1vvkbs x3nfvp2 x1j61x8r x1fcty0u xdj266r xat24cr xm2jcoa x1mpyi22 xxymvpz xlup9mm x1kky2od\"><img loading=\"lazy\" class=\"xz74otr x15mokao x1ga7v0g x16uus16 xbiv7yw\" src=\"https:\/\/static.xx.fbcdn.net\/images\/emoji.php\/v9\/t57\/1\/16\/1f609.png\" alt=\"\ud83d\ude09\" width=\"16\" height=\"16\" \/><\/span><\/div>\n<\/div>\n<\/div>\n<\/div>\n<\/div>\n<\/div>\n<\/div>\n<\/div>\n<\/div>\n<\/div>\n<\/div>\n<\/div>\n<\/div>\n<\/div>\n<\/div>\n<div dir=\"auto\">\u00a0<\/div>\n<div class=\"kvgmc6g5 cxmmr5t8 oygrvhab hcukyx3x c1et5uql ii04i59q\">\n<div dir=\"auto\">\n<div dir=\"auto\">\n<div dir=\"auto\" style=\"text-align: left;\">\n<div dir=\"auto\">\n<div dir=\"auto\">\n<div class=\"xdj266r x11i5rnm xat24cr x1mh8g0r x1vvkbs x126k92a\">\n<div dir=\"auto\">\n<div dir=\"auto\">\n<div dir=\"auto\">\n<div dir=\"auto\">\n<div dir=\"auto\">\n<div class=\"xdj266r x14z9mp xat24cr x1lziwak x1vvkbs x126k92a\">\n<div dir=\"auto\">\n<div class=\"x14z9mp xat24cr x1lziwak x1vvkbs xtlvy1s x126k92a\">\n<div dir=\"auto\">\u00a0<\/div>\n<\/div>\n<div dir=\"auto\"><img loading=\"lazy\" class=\"aligncenter wp-image-7788 size-full\" src=\"http:\/\/efan.be\/wp-content\/uploads\/2026\/04\/affiches-piles-et-bouchons-ok.jpg\" alt=\"\" width=\"960\" height=\"960\" srcset=\"https:\/\/efan.be\/wp-content\/uploads\/2026\/04\/affiches-piles-et-bouchons-ok.jpg 960w, https:\/\/efan.be\/wp-content\/uploads\/2026\/04\/affiches-piles-et-bouchons-ok-300x300.jpg 300w, https:\/\/efan.be\/wp-content\/uploads\/2026\/04\/affiches-piles-et-bouchons-ok-150x150.jpg 150w, https:\/\/efan.be\/wp-content\/uploads\/2026\/04\/affiches-piles-et-bouchons-ok-768x768.jpg 768w, https:\/\/efan.be\/wp-content\/uploads\/2026\/04\/affiches-piles-et-bouchons-ok-750x750.jpg 750w\" sizes=\"(max-width: 960px) 100vw, 960px\" \/><\/div>\n<\/div>\n<div dir=\"auto\">\u00a0<\/div>\n<div dir=\"auto\">\u00a0<\/div>\n<div dir=\"auto\">_______________________________________________________________________________________<\/div>\n<\/div>\n<div class=\"x14z9mp xat24cr x1lziwak x1vvkbs xtlvy1s x126k92a\">\n<div dir=\"auto\">\u00a0<\/div>\n<\/div>\n<\/div>\n<div dir=\"auto\">\u00a0<\/div>\n<div dir=\"auto\">La collation p\u00e2tisserie reprend le vendredi <span class=\"html-span xexx8yu xyri2b x18d9i69 x1c1uobl x1hl2dhg x16tdsg8 x1vvkbs x3nfvp2 x1j61x8r x1fcty0u xdj266r xat24cr xm2jcoa x1mpyi22 xxymvpz xlup9mm x1kky2od\"><img loading=\"lazy\" class=\"xz74otr x15mokao x1ga7v0g x16uus16 xbiv7yw\" src=\"https:\/\/static.xx.fbcdn.net\/images\/emoji.php\/v9\/t64\/1\/16\/1f370.png\" alt=\"\ud83c\udf70\" width=\"16\" height=\"16\" \/><\/span><span class=\"html-span xexx8yu xyri2b x18d9i69 x1c1uobl x1hl2dhg x16tdsg8 x1vvkbs x3nfvp2 x1j61x8r x1fcty0u xdj266r xat24cr xm2jcoa x1mpyi22 xxymvpz xlup9mm x1kky2od\"><img loading=\"lazy\" class=\"xz74otr x15mokao x1ga7v0g x16uus16 xbiv7yw\" src=\"https:\/\/static.xx.fbcdn.net\/images\/emoji.php\/v9\/tbf\/1\/16\/1f9c1.png\" alt=\"\ud83e\uddc1\" width=\"16\" height=\"16\" \/><\/span><span class=\"html-span xexx8yu xyri2b x18d9i69 x1c1uobl x1hl2dhg x16tdsg8 x1vvkbs x3nfvp2 x1j61x8r x1fcty0u xdj266r xat24cr xm2jcoa x1mpyi22 xxymvpz xlup9mm x1kky2od\"><img loading=\"lazy\" class=\"xz74otr x15mokao x1ga7v0g x16uus16 xbiv7yw\" src=\"https:\/\/static.xx.fbcdn.net\/images\/emoji.php\/v9\/td2\/1\/16\/1f967.png\" alt=\"\ud83e\udd67\" width=\"16\" height=\"16\" \/><\/span><\/div>\n<div dir=\"auto\">P\u00e2tisserie maison au prix de 50 cent <span class=\"html-span xexx8yu xyri2b x18d9i69 x1c1uobl x1hl2dhg x16tdsg8 x1vvkbs x3nfvp2 x1j61x8r x1fcty0u xdj266r xat24cr xm2jcoa x1mpyi22 xxymvpz xlup9mm x1kky2od\"><img loading=\"lazy\" class=\"xz74otr x15mokao x1ga7v0g x16uus16 xbiv7yw\" src=\"https:\/\/static.xx.fbcdn.net\/images\/emoji.php\/v9\/t0\/1\/16\/1f60b.png\" alt=\"\ud83d\ude0b\" width=\"16\" height=\"16\" \/><\/span><\/div>\n<\/div>\n<div dir=\"auto\">\u00a0<\/div>\n<div dir=\"auto\"><img loading=\"lazy\" class=\"alignnone size-full wp-image-7509\" src=\"http:\/\/efan.be\/wp-content\/uploads\/2026\/01\/images.jpg\" alt=\"\" width=\"200\" height=\"252\" \/><\/div>\n<div dir=\"auto\">\u00a0<\/div>\n<div dir=\"auto\">\u00a0<\/div>\n<div dir=\"auto\">______________________________________________________________________________________<\/div>\n<div dir=\"auto\">\u00a0<\/div>\n<div dir=\"auto\">\n<p>L&rsquo;\u00e9quipe \u00e9ducative\u00a0 <span class=\"html-span xexx8yu xyri2b x18d9i69 x1c1uobl x1hl2dhg x16tdsg8 x1vvkbs x3nfvp2 x1j61x8r x1fcty0u xdj266r xat24cr xm2jcoa x1mpyi22 xxymvpz xlup9mm x1kky2od\"><img loading=\"lazy\" class=\"xz74otr x15mokao x1ga7v0g x16uus16 xbiv7yw\" src=\"https:\/\/static.xx.fbcdn.net\/images\/emoji.php\/v9\/t13\/1\/16\/1f308.png\" alt=\"\ud83c\udf08\" width=\"16\" height=\"16\" \/><\/span><\/p>\n<\/div>\n<\/div>\n<div dir=\"auto\"><img loading=\"lazy\" class=\"aligncenter wp-image-7481 size-full\" src=\"http:\/\/efan.be\/wp-content\/uploads\/2025\/12\/EGAN08.jpg\" alt=\"\" width=\"787\" height=\"591\" srcset=\"https:\/\/efan.be\/wp-content\/uploads\/2025\/12\/EGAN08.jpg 787w, https:\/\/efan.be\/wp-content\/uploads\/2025\/12\/EGAN08-300x225.jpg 300w, https:\/\/efan.be\/wp-content\/uploads\/2025\/12\/EGAN08-768x577.jpg 768w, https:\/\/efan.be\/wp-content\/uploads\/2025\/12\/EGAN08-750x563.jpg 750w\" sizes=\"(max-width: 787px) 100vw, 787px\" \/><\/div>\n<\/div>\n<\/div>\n<\/div>\n<\/div>\n<\/div>\n<div dir=\"auto\">\n<div dir=\"auto\">\u00a0<\/div>\n<div dir=\"auto\">_________________________________________________________________________________________________<\/div>\n<\/div>\n<\/div>\n<div dir=\"auto\" style=\"text-align: left;\">\n<div dir=\"auto\">\n<div dir=\"auto\">\n<div dir=\"auto\">\n<div dir=\"auto\">\n<div dir=\"auto\">\u00a0<\/div>\n<div dir=\"auto\">L&rsquo;Efan poursuit ses efforts \u00e9cologiques en 2025-2026 <span class=\"html-span xexx8yu x4uap5 x18d9i69 xkhd6sd x1hl2dhg x16tdsg8 x1vvkbs x3nfvp2 x1j61x8r x1fcty0u xdj266r xat24cr xgzva0m xhhsvwb xxymvpz xlup9mm x1kky2od\"><img loading=\"lazy\" class=\"xz74otr\" src=\"https:\/\/static.xx.fbcdn.net\/images\/emoji.php\/v9\/t3f\/1\/16\/1f30d.png\" alt=\"\ud83c\udf0d\" width=\"16\" height=\"16\" \/><\/span><\/div>\n<div dir=\"auto\">Gardez pr\u00e9cieusement vos piles <span class=\"html-span xexx8yu x4uap5 x18d9i69 xkhd6sd x1hl2dhg x16tdsg8 x1vvkbs x3nfvp2 x1j61x8r x1fcty0u xdj266r xat24cr xgzva0m xhhsvwb xxymvpz xlup9mm x1kky2od\"><img loading=\"lazy\" class=\"xz74otr\" src=\"https:\/\/static.xx.fbcdn.net\/images\/emoji.php\/v9\/tbf\/1\/16\/1f50b.png\" alt=\"\ud83d\udd0b\" width=\"16\" height=\"16\" \/><\/span> nous avons entam\u00e9 une grande collecte <span class=\"html-span xexx8yu x4uap5 x18d9i69 xkhd6sd x1hl2dhg x16tdsg8 x1vvkbs x3nfvp2 x1j61x8r x1fcty0u xdj266r xat24cr xgzva0m xhhsvwb xxymvpz xlup9mm x1kky2od\"><img loading=\"lazy\" class=\"xz74otr\" src=\"https:\/\/static.xx.fbcdn.net\/images\/emoji.php\/v9\/tfd\/1\/16\/1f64c.png\" alt=\"\ud83d\ude4c\" width=\"16\" height=\"16\" \/><\/span><\/div>\n<\/div>\n<\/div>\n<div dir=\"auto\">\u00a0<\/div>\n<div dir=\"auto\">\n<div dir=\"auto\">\u00a0<\/div>\n<div dir=\"auto\"><img loading=\"lazy\" class=\"alignnone size-medium wp-image-6328\" src=\"http:\/\/efan.be\/wp-content\/uploads\/2024\/10\/445746308_975341061262423_7244716551045210928_n-300x300.jpg\" alt=\"\" width=\"300\" height=\"300\" srcset=\"https:\/\/efan.be\/wp-content\/uploads\/2024\/10\/445746308_975341061262423_7244716551045210928_n-300x300.jpg 300w, https:\/\/efan.be\/wp-content\/uploads\/2024\/10\/445746308_975341061262423_7244716551045210928_n-1024x1024.jpg 1024w, https:\/\/efan.be\/wp-content\/uploads\/2024\/10\/445746308_975341061262423_7244716551045210928_n-150x150.jpg 150w, https:\/\/efan.be\/wp-content\/uploads\/2024\/10\/445746308_975341061262423_7244716551045210928_n-768x768.jpg 768w, https:\/\/efan.be\/wp-content\/uploads\/2024\/10\/445746308_975341061262423_7244716551045210928_n-1536x1536.jpg 1536w, https:\/\/efan.be\/wp-content\/uploads\/2024\/10\/445746308_975341061262423_7244716551045210928_n.jpg 2048w, https:\/\/efan.be\/wp-content\/uploads\/2024\/10\/445746308_975341061262423_7244716551045210928_n-750x750.jpg 750w\" sizes=\"(max-width: 300px) 100vw, 300px\" \/> <img loading=\"lazy\" class=\"alignnone size-medium wp-image-6329\" src=\"http:\/\/efan.be\/wp-content\/uploads\/2024\/10\/445751751_975340927929103_1057998616236378126_n-300x150.jpg\" alt=\"\" width=\"300\" height=\"150\" srcset=\"https:\/\/efan.be\/wp-content\/uploads\/2024\/10\/445751751_975340927929103_1057998616236378126_n-300x150.jpg 300w, https:\/\/efan.be\/wp-content\/uploads\/2024\/10\/445751751_975340927929103_1057998616236378126_n-1024x513.jpg 1024w, https:\/\/efan.be\/wp-content\/uploads\/2024\/10\/445751751_975340927929103_1057998616236378126_n-768x385.jpg 768w, https:\/\/efan.be\/wp-content\/uploads\/2024\/10\/445751751_975340927929103_1057998616236378126_n-1536x770.jpg 1536w, https:\/\/efan.be\/wp-content\/uploads\/2024\/10\/445751751_975340927929103_1057998616236378126_n-750x376.jpg 750w, https:\/\/efan.be\/wp-content\/uploads\/2024\/10\/445751751_975340927929103_1057998616236378126_n-375x187.jpg 375w, https:\/\/efan.be\/wp-content\/uploads\/2024\/10\/445751751_975340927929103_1057998616236378126_n.jpg 2036w\" sizes=\"(max-width: 300px) 100vw, 300px\" \/><\/div>\n<\/div>\n<div dir=\"auto\">\u00a0<\/div>\n<div dir=\"auto\">\n<p dir=\"auto\">____________________________________________________________________________________<\/p>\n<\/div>\n<p dir=\"auto\"><img loading=\"lazy\" class=\"aligncenter wp-image-6174 size-full\" src=\"http:\/\/efan.be\/wp-content\/uploads\/2024\/07\/Pub-ecole.jpg\" alt=\"\" width=\"1755\" height=\"1241\" srcset=\"https:\/\/efan.be\/wp-content\/uploads\/2024\/07\/Pub-ecole.jpg 1755w, https:\/\/efan.be\/wp-content\/uploads\/2024\/07\/Pub-ecole-300x212.jpg 300w, https:\/\/efan.be\/wp-content\/uploads\/2024\/07\/Pub-ecole-1024x724.jpg 1024w, https:\/\/efan.be\/wp-content\/uploads\/2024\/07\/Pub-ecole-768x543.jpg 768w, https:\/\/efan.be\/wp-content\/uploads\/2024\/07\/Pub-ecole-1536x1086.jpg 1536w, https:\/\/efan.be\/wp-content\/uploads\/2024\/07\/Pub-ecole-750x530.jpg 750w\" sizes=\"(max-width: 1755px) 100vw, 1755px\" \/><\/p>\n<div dir=\"auto\">\n<div dir=\"auto\">\n<p dir=\"auto\">_______________________________________________________________________________________<\/p>\n<\/div>\n<p dir=\"auto\"><img loading=\"lazy\" class=\"aligncenter wp-image-6131 size-full\" src=\"http:\/\/efan.be\/wp-content\/uploads\/2024\/06\/main.jpg\" alt=\"\" width=\"392\" height=\"306\" srcset=\"https:\/\/efan.be\/wp-content\/uploads\/2024\/06\/main.jpg 392w, https:\/\/efan.be\/wp-content\/uploads\/2024\/06\/main-300x234.jpg 300w\" sizes=\"(max-width: 392px) 100vw, 392px\" \/><\/p>\n<div dir=\"auto\">\n<p dir=\"auto\">L&rsquo;Efan a commenc\u00e9 cette semaine le c\u0153ur lourd. Tu resteras \u00e0 jamais dans nos c\u0153urs Florence. Tu \u00e9tais un rayon de soleil pour notre \u00e9cole, notre \u00e9quipe et pour tous nos \u00e9l\u00e8ves. Nous garderons \u00e0 l&rsquo;esprit cette joie, cette convivialit\u00e9 et cette implication pour tout ce que tu entreprenais. Nous avons perdu une coll\u00e8gue, une enseignante extraordinaire, une amie. A pr\u00e9sent, nous l\u00e8verons les yeux aussi souvent que possible vers cette \u00e9toile qui continue de scintiller et qui illumine \u00e0 pr\u00e9sent le ciel. A toi pour toujours\u00a0<span class=\"html-span xexx8yu x4uap5 x18d9i69 xkhd6sd x1hl2dhg x16tdsg8 x1vvkbs x3nfvp2 x1j61x8r x1fcty0u xdj266r xat24cr xgzva0m xhhsvwb xxymvpz xlup9mm x1kky2od\"><img loading=\"lazy\" class=\"xz74otr\" src=\"https:\/\/static.xx.fbcdn.net\/images\/emoji.php\/v9\/t49\/1\/16\/1faf6.png\" alt=\"\ud83e\udef6\" width=\"16\" height=\"16\" \/><\/span><\/p>\n<p dir=\"auto\">_______________________________________________________________________________________<\/p>\n<\/div>\n<\/div>\n<\/div>\n<\/div>\n<\/div>\n<\/div>\n<\/div>\n<\/div>\n<p><span style=\"text-decoration: underline; font-size: 12pt; color: #000000;\">Vues a\u00e9riennes de notre \u00e9cole<\/span><br \/><span style=\"font-size: 10pt; color: #000000;\"> Merci beaucoup \u00e0 la maman de Chlo\u00e9, Benjamin et Valentin Dumortier<\/span><\/p>\n\n\t\t<style type=\"text\/css\">\n\t\t\t#gallery-1 {\n\t\t\t\tmargin: auto;\n\t\t\t}\n\t\t\t#gallery-1 .gallery-item {\n\t\t\t\tfloat: left;\n\t\t\t\tmargin-top: 10px;\n\t\t\t\ttext-align: center;\n\t\t\t\twidth: 100%;\n\t\t\t}\n\t\t\t#gallery-1 img {\n\t\t\t\tborder: 2px solid #cfcfcf;\n\t\t\t}\n\t\t\t#gallery-1 .gallery-caption {\n\t\t\t\tmargin-left: 0;\n\t\t\t}\n\t\t\t\/* see gallery_shortcode() in wp-includes\/media.php *\/\n\t\t<\/style>\n\t\t<div id='gallery-1' class='gallery galleryid-2 gallery-columns-1 gallery-size-large'><dl class='gallery-item'>\n\t\t\t<dt class='gallery-icon landscape'>\n\t\t\t\t<a href='https:\/\/efan.be\/index.php\/page-d-exemple\/dcim100mediadji_0008-jpg\/'><img width=\"750\" height=\"500\" src=\"https:\/\/efan.be\/wp-content\/uploads\/2020\/05\/DJI_0008-1-1024x683.jpg\" class=\"attachment-large size-large\" alt=\"\" loading=\"lazy\" srcset=\"https:\/\/efan.be\/wp-content\/uploads\/2020\/05\/DJI_0008-1-1024x683.jpg 1024w, https:\/\/efan.be\/wp-content\/uploads\/2020\/05\/DJI_0008-1-300x200.jpg 300w, https:\/\/efan.be\/wp-content\/uploads\/2020\/05\/DJI_0008-1-768x512.jpg 768w, https:\/\/efan.be\/wp-content\/uploads\/2020\/05\/DJI_0008-1-1170x780.jpg 1170w\" sizes=\"(max-width: 750px) 100vw, 750px\" \/><\/a>\n\t\t\t<\/dt><\/dl><br style=\"clear: both\" \/><dl class='gallery-item'>\n\t\t\t<dt class='gallery-icon landscape'>\n\t\t\t\t<a href='https:\/\/efan.be\/index.php\/page-d-exemple\/dcim100mediadji_0009-jpg\/'><img width=\"750\" height=\"500\" src=\"https:\/\/efan.be\/wp-content\/uploads\/2020\/05\/DJI_0009-1024x683.jpg\" class=\"attachment-large size-large\" alt=\"\" loading=\"lazy\" srcset=\"https:\/\/efan.be\/wp-content\/uploads\/2020\/05\/DJI_0009-1024x683.jpg 1024w, https:\/\/efan.be\/wp-content\/uploads\/2020\/05\/DJI_0009-300x200.jpg 300w, https:\/\/efan.be\/wp-content\/uploads\/2020\/05\/DJI_0009-768x512.jpg 768w, https:\/\/efan.be\/wp-content\/uploads\/2020\/05\/DJI_0009-1170x780.jpg 1170w\" sizes=\"(max-width: 750px) 100vw, 750px\" \/><\/a>\n\t\t\t<\/dt><\/dl><br style=\"clear: both\" \/><dl class='gallery-item'>\n\t\t\t<dt class='gallery-icon landscape'>\n\t\t\t\t<a href='https:\/\/efan.be\/index.php\/page-d-exemple\/dcim100mediadji_0010-jpg\/'><img width=\"750\" height=\"500\" src=\"https:\/\/efan.be\/wp-content\/uploads\/2020\/05\/DJI_0010-1024x683.jpg\" class=\"attachment-large size-large\" alt=\"\" loading=\"lazy\" srcset=\"https:\/\/efan.be\/wp-content\/uploads\/2020\/05\/DJI_0010-1024x683.jpg 1024w, https:\/\/efan.be\/wp-content\/uploads\/2020\/05\/DJI_0010-300x200.jpg 300w, https:\/\/efan.be\/wp-content\/uploads\/2020\/05\/DJI_0010-768x512.jpg 768w, https:\/\/efan.be\/wp-content\/uploads\/2020\/05\/DJI_0010-1170x780.jpg 1170w\" sizes=\"(max-width: 750px) 100vw, 750px\" \/><\/a>\n\t\t\t<\/dt><\/dl><br style=\"clear: both\" \/>\n\t\t<\/div>\n\n<p>__________________________________________________________________________________________<\/p>\n<p><span style=\"text-decoration: underline; font-size: 12pt;\"><span style=\"color: #339966; text-decoration: underline;\">Du c\u00f4t\u00e9 de la cuisine<br \/><\/span><\/span><\/p>\n<div dir=\"auto\"><span style=\"text-decoration: underline;\">Menu Mai<\/span><\/div>\n<p><img loading=\"lazy\" class=\"aligncenter wp-image-7901 size-large\" src=\"http:\/\/efan.be\/wp-content\/uploads\/2026\/04\/4J-JV-MENU-MAI-2026_page-0002-724x1024.jpg\" alt=\"\" width=\"724\" height=\"1024\" srcset=\"https:\/\/efan.be\/wp-content\/uploads\/2026\/04\/4J-JV-MENU-MAI-2026_page-0002-724x1024.jpg 724w, https:\/\/efan.be\/wp-content\/uploads\/2026\/04\/4J-JV-MENU-MAI-2026_page-0002-212x300.jpg 212w, https:\/\/efan.be\/wp-content\/uploads\/2026\/04\/4J-JV-MENU-MAI-2026_page-0002-768x1086.jpg 768w, https:\/\/efan.be\/wp-content\/uploads\/2026\/04\/4J-JV-MENU-MAI-2026_page-0002-1086x1536.jpg 1086w, https:\/\/efan.be\/wp-content\/uploads\/2026\/04\/4J-JV-MENU-MAI-2026_page-0002-750x1061.jpg 750w, https:\/\/efan.be\/wp-content\/uploads\/2026\/04\/4J-JV-MENU-MAI-2026_page-0002.jpg 1240w\" sizes=\"(max-width: 724px) 100vw, 724px\" \/><\/p>\n<p><span style=\"text-decoration: underline;\">Menu Avril\u00a0<\/span><br \/><br \/><img loading=\"lazy\" class=\"aligncenter wp-image-7900 size-large\" src=\"http:\/\/efan.be\/wp-content\/uploads\/2026\/04\/4J-JV-MENU-AVRIL-2026_page-0002-724x1024.jpg\" alt=\"\" width=\"724\" height=\"1024\" srcset=\"https:\/\/efan.be\/wp-content\/uploads\/2026\/04\/4J-JV-MENU-AVRIL-2026_page-0002-724x1024.jpg 724w, https:\/\/efan.be\/wp-content\/uploads\/2026\/04\/4J-JV-MENU-AVRIL-2026_page-0002-212x300.jpg 212w, https:\/\/efan.be\/wp-content\/uploads\/2026\/04\/4J-JV-MENU-AVRIL-2026_page-0002-768x1086.jpg 768w, https:\/\/efan.be\/wp-content\/uploads\/2026\/04\/4J-JV-MENU-AVRIL-2026_page-0002-1086x1536.jpg 1086w, https:\/\/efan.be\/wp-content\/uploads\/2026\/04\/4J-JV-MENU-AVRIL-2026_page-0002-750x1061.jpg 750w, https:\/\/efan.be\/wp-content\/uploads\/2026\/04\/4J-JV-MENU-AVRIL-2026_page-0002.jpg 1240w\" sizes=\"(max-width: 724px) 100vw, 724px\" \/><\/p>\n<\/td>\n<\/tr>\n<tr style=\"height: 39px;\">\n<td style=\"height: 39px; width: 100%;\">\n<div class=\"kvgmc6g5 cxmmr5t8 oygrvhab hcukyx3x c1et5uql ii04i59q\">\n<div dir=\"auto\">\n<div dir=\"auto\">\n<div dir=\"auto\" style=\"text-align: left;\">\n<div dir=\"auto\">\n<div dir=\"auto\">\u00a0<\/div>\n<\/div>\n<\/div>\n<\/div>\n<\/div>\n<\/div>\n<\/td>\n<\/tr>\n<\/tbody>\n<\/table>\n<table style=\"height: 9px;\" width=\"825\">\n<tbody>\n<tr>\n<td>\u00a0<\/td>\n<\/tr>\n<\/tbody>\n<\/table>\n\n\n<figure class=\"wp-block-pullquote\"><blockquote><p><\/p><\/blockquote><\/figure>\n\n\n\n<h2><\/h2>\n","protected":false},"excerpt":{"rendered":"<p>\u00c9cole Abb\u00e9 No\u00ebl maternelle et primaire \u00a0 L&rsquo;\u00e9quipe \u00e9ducative vous souhaite la bienvenue sur le site et vous remercie pour la confiance\u00a0que vous lui t\u00e9moignez en choisissant leur \u00e9cole pour vos enfants. Bonne d\u00e9couverte! ________________________________________________________________________________________________ A l&rsquo;EFAN, nous r\u00e9coltons les piles et les bouchons en plastiques \u00a0 \u00a0 \u00a0 \u00a0 _______________________________________________________________________________________ \u00a0 \u00a0 La collation &hellip; <\/p>\n<p><a class=\"more-link btn\" href=\"https:\/\/efan.be\/\">Lire la suite<\/a><\/p>\n","protected":false},"author":15,"featured_media":0,"parent":0,"menu_order":0,"comment_status":"closed","ping_status":"open","template":"","meta":[],"_links":{"self":[{"href":"https:\/\/efan.be\/index.php\/wp-json\/wp\/v2\/pages\/2"}],"collection":[{"href":"https:\/\/efan.be\/index.php\/wp-json\/wp\/v2\/pages"}],"about":[{"href":"https:\/\/efan.be\/index.php\/wp-json\/wp\/v2\/types\/page"}],"author":[{"embeddable":true,"href":"https:\/\/efan.be\/index.php\/wp-json\/wp\/v2\/users\/15"}],"replies":[{"embeddable":true,"href":"https:\/\/efan.be\/index.php\/wp-json\/wp\/v2\/comments?post=2"}],"version-history":[{"count":1082,"href":"https:\/\/efan.be\/index.php\/wp-json\/wp\/v2\/pages\/2\/revisions"}],"predecessor-version":[{"id":7903,"href":"https:\/\/efan.be\/index.php\/wp-json\/wp\/v2\/pages\/2\/revisions\/7903"}],"wp:attachment":[{"href":"https:\/\/efan.be\/index.php\/wp-json\/wp\/v2\/media?parent=2"}],"curies":[{"name":"wp","href":"https:\/\/api.w.org\/{rel}","templated":true}]}}