{"id":22,"date":"2017-04-03T12:32:33","date_gmt":"2017-04-03T10:32:33","guid":{"rendered":"http:\/\/efan.be\/?page_id=22"},"modified":"2017-04-30T17:16:11","modified_gmt":"2017-04-30T15:16:11","slug":"projet-educatif","status":"publish","type":"page","link":"https:\/\/efan.be\/index.php\/projet-educatif\/","title":{"rendered":"Projet \u00e9ducatif"},"content":{"rendered":"<p style=\"text-align: justify;\"><strong><u>Propositions d\u2019\u00e9ducation<\/u><\/strong><strong>\u00a0:<\/strong><\/p>\n<p style=\"text-align: justify;\">En \u00e9troite collaboration avec vous, parents, nous souhaitons que votre enfant puisse au sein de notre \u00e9cole\u00a0:<\/p>\n<p style=\"text-align: justify;\">\u00b0 D\u00e9velopper sa personnalit\u00e9.<\/p>\n<p style=\"text-align: justify;\">\u00b0 Acc\u00e9der \u00e0 l\u2019autonomie et \u00e0 l\u2019exercice responsable de la libert\u00e9.<\/p>\n<p style=\"text-align: justify;\">\u00b0 Devenir acteur de vie sociale, soucieux de justice et de paix.<\/p>\n<p style=\"text-align: justify;\">\u00b0 Construire sa propre formation et identifier progressivement son profil personnel de vie.<\/p>\n<p style=\"text-align: justify;\"><strong>Convaincus, que l\u2019homme se r\u00e9alise pleinement dans sa relation \u00e0 Dieu, nous nous proposons aussi\u00a0:<\/strong><\/p>\n<p style=\"text-align: justify;\">\u00b0 D\u2019enraciner la relation p\u00e9dagogique dans l\u2019Amour de Dieu tel que J\u00e9sus l\u2019a r\u00e9v\u00e9l\u00e9.<\/p>\n<p style=\"text-align: justify;\">\u00b0 D\u2019annoncer la Bonne Nouvelle du Christ.<\/p>\n<p style=\"text-align: justify;\">\u00b0 D\u2019offrir \u00e0 chacun la libert\u00e9, de construire sa propre identit\u00e9 en relation avec Dieu et en se sentant interpell\u00e9 par l\u2019Evangile.<\/p>\n<p style=\"text-align: justify;\"><strong><u>Pour r\u00e9aliser ce projet, l\u2019\u00e9quipe \u00e9ducative se propose de<\/u><\/strong><strong>\u00a0:<\/strong><\/p>\n<ol style=\"text-align: justify;\">\n<li><strong>Entretenir vivante la m\u00e9moire de l\u2019\u00e9v\u00e9nement fondateur\u00a0: la vie, la passion, la r\u00e9surrection<\/strong><\/li>\n<\/ol>\n<ul style=\"text-align: justify;\">\n<li>Construire son identit\u00e9 en donnant progressivement un sens \u00e0 la Vie.<\/li>\n<li>Offrir des lieux et des temps de ressourcement, de pri\u00e8res v\u00e9ritables, d\u2019exp\u00e9riences spirituelles, de c\u00e9l\u00e9brations et de partage.<\/li>\n<\/ul>\n<p style=\"text-align: justify;\">2. <strong>Au cours de chacune de ces \u00e9tapes, l\u2019enfant sera invit\u00e9 \u00e0 d\u00e9velopper ses savoirs, son savoir-faire et son savoir-\u00eatre\u00a0:<\/strong><\/p>\n<p style=\"text-align: justify;\">le tout\u00a0adapt\u00e9 \u00e0 son \u00e9volution.<\/p>\n<p style=\"text-align: justify;\">Pour ce faire, la p\u00e9dagogie sera principalement active en interpellant l\u2019enfant, le pla\u00e7ant en situation de projets \u00e0 r\u00e9aliser, de d\u00e9fis \u00e0 relever.<\/p>\n<p style=\"text-align: justify;\">Elle pourra lui donner le dynamisme n\u00e9cessaire pour passer du \u00ab\u00a0d\u00e9sir naturel\u00a0\u00bb d\u2019apprendre \u00e0 \u00ab\u00a0l\u2019acte difficile\u00a0\u00bb d\u2019apprendre.<\/p>\n<p style=\"text-align: justify;\">La pr\u00e9sence d\u2019\u00e9ducateurs accueillants, le sollicitant en permanence, lui permettra de se d\u00e9velopper sur tous les plans\u00a0: moral, intellectuel, affectif, social et physique.<\/p>\n<p style=\"text-align: justify;\">Des \u00e9valuations r\u00e9guli\u00e8res permettront \u00e0 l\u2019enfant et \u00e0 ses parents de constater la progression.<\/p>\n<p style=\"text-align: justify;\">3. <strong>Exp\u00e9rimenter la r\u00e9alit\u00e9 de la vie sociale<\/strong>\u00a0:<\/p>\n<ul style=\"text-align: justify;\">\n<li>Apprendre \u00e0 vivre avec les autres se r\u00e9alise au quotidien<\/li>\n<li>Devenir partenaire dans le choix, l\u2019organisation, la r\u00e9alisation, l\u2019\u00e9valuation des diff\u00e9rentes activit\u00e9s.<\/li>\n<li>Se conna\u00eetre en identifiant progressivement ses sentiments et ses opinions.<\/li>\n<li>Vouloir vivre avec les autres et pour les autres\u00a0: la base de tout climat d\u2019\u00e9coute, d\u2019expression et de dialogue.<\/li>\n<li>Apprendre \u00e0 exprimer celles-ci, \u00e0 les faire comprendre aux autres, \u00e0 participer \u00e0 la vie d\u2019un groupe.<\/li>\n<\/ul>\n<p style=\"text-align: justify;\"><strong>\u2002\u2297\u00a0Tous pour l\u2019\u00e9ducation et l\u2019\u00e9panouissement des jeunes<\/strong><\/p>\n<p style=\"text-align: justify;\"><strong>Outre la direction et les enseignants, l\u2019appui et la collaboration des parents se r\u00e9v\u00e8lent indispensables afin d\u2019\u0153uvrer ensemble au d\u00e9veloppement harmonieux des jeunes. Nous tenons \u00e0 souligner le lien qui unit l\u2019\u00e9cole et les familles. C\u2019est en collaboration avec elles que l\u2019\u00e9cole peut et veut remplir ses missions. Les parents individuellement ou en \u00e9tant membres actifs de l\u2019association des parents, sont invit\u00e9s \u00e0 prendre part \u00e0 la vie de l\u2019\u00e9cole. Les \u00e9l\u00e8ves, leurs parents et l\u2019\u00e9quipe \u00e9ducative peuvent compter sur l\u2019aide du centre PMS de Jambes.<\/strong><\/p>\n<p style=\"text-align: justify;\"><strong>\u00a0<\/strong><\/p>\n","protected":false},"excerpt":{"rendered":"<p>Propositions d\u2019\u00e9ducation\u00a0: En \u00e9troite collaboration avec vous, parents, nous souhaitons que votre enfant puisse au sein de notre \u00e9cole\u00a0: \u00b0 D\u00e9velopper sa personnalit\u00e9. \u00b0 Acc\u00e9der \u00e0 l\u2019autonomie et \u00e0 l\u2019exercice responsable de la libert\u00e9. \u00b0 Devenir acteur de vie sociale, soucieux de justice et de paix. \u00b0 Construire sa propre formation et identifier progressivement son &hellip; <\/p>\n<p><a class=\"more-link btn\" href=\"https:\/\/efan.be\/index.php\/projet-educatif\/\">Lire la suite<\/a><\/p>\n","protected":false},"author":15,"featured_media":0,"parent":0,"menu_order":0,"comment_status":"closed","ping_status":"closed","template":"","meta":[],"_links":{"self":[{"href":"https:\/\/efan.be\/index.php\/wp-json\/wp\/v2\/pages\/22"}],"collection":[{"href":"https:\/\/efan.be\/index.php\/wp-json\/wp\/v2\/pages"}],"about":[{"href":"https:\/\/efan.be\/index.php\/wp-json\/wp\/v2\/types\/page"}],"author":[{"embeddable":true,"href":"https:\/\/efan.be\/index.php\/wp-json\/wp\/v2\/users\/15"}],"replies":[{"embeddable":true,"href":"https:\/\/efan.be\/index.php\/wp-json\/wp\/v2\/comments?post=22"}],"version-history":[{"count":3,"href":"https:\/\/efan.be\/index.php\/wp-json\/wp\/v2\/pages\/22\/revisions"}],"predecessor-version":[{"id":381,"href":"https:\/\/efan.be\/index.php\/wp-json\/wp\/v2\/pages\/22\/revisions\/381"}],"wp:attachment":[{"href":"https:\/\/efan.be\/index.php\/wp-json\/wp\/v2\/media?parent=22"}],"curies":[{"name":"wp","href":"https:\/\/api.w.org\/{rel}","templated":true}]}}