{"id":24,"date":"2017-04-03T12:33:02","date_gmt":"2017-04-03T10:33:02","guid":{"rendered":"http:\/\/efan.be\/?page_id=24"},"modified":"2019-03-10T17:42:42","modified_gmt":"2019-03-10T16:42:42","slug":"projet-pedagogique","status":"publish","type":"page","link":"https:\/\/efan.be\/index.php\/projet-pedagogique\/","title":{"rendered":"Projet p\u00e9dagogique"},"content":{"rendered":"<table>\n<tbody>\n<tr>\n<td>\u00ab\u00a0D\u00e9cret mission\u00a0\u00bb<\/p>\n<p>Le\u00a0<strong>projet p\u00e9dagogique<\/strong>\u00a0s\u2019articule autour de ces diff\u00e9rentes facettes\u00a0:<\/p>\n<ul>\n<li>Vivre la d\u00e9mocratie au quotidien<\/li>\n<li>Cr\u00e9er un contexte d\u2019apprentissage favorable<\/li>\n<li>Ouvrir l\u2019\u00e9cole aux parents et \u00e0 d\u2019autres partenaires<\/li>\n<li>Constituer de v\u00e9ritables \u00e9quipes \u00e9ducatives<\/li>\n<li>Conduire chacun des \u00e9l\u00e8ves aux comp\u00e9tences et savoirs attendus<\/li>\n<li>Organiser des bilans<\/li>\n<li>Pr\u00e9parer aux choix professionnels en d\u00e9passant les limites sociales et culturelles.<\/li>\n<\/ul>\n<\/td>\n<\/tr>\n<\/tbody>\n<\/table>\n<p style=\"text-align: justify;\"><strong>Pour atteindre ces objectifs<\/strong><strong>,<\/strong> nous pratiquons <strong>l\u2019\u00e9valuation formative<\/strong> qui se d\u00e9roule r\u00e9guli\u00e8rement en cours d\u2019apprentissage. Elle permet de pr\u00e9lever des indices de d\u00e9veloppement de la comp\u00e9tence vis\u00e9e.<\/p>\n<p style=\"text-align: justify;\">Elle vise \u00e0 r\u00e9guler l\u2019apprentissage et \u00e0 modifier les contenus, les moyens, les strat\u00e9gies, \u2026 Ce qui am\u00e8ne l\u2019enfant \u00e0 se situer en cours d\u2019\u00e9volution.<\/p>\n<p style=\"text-align: justify;\"><strong>Le bulletin<\/strong> repr\u00e9sente un \u00e9tat des lieux \u00e0 un moment bien pr\u00e9cis :<\/p>\n<ul style=\"text-align: justify;\">\n<li>de ce que l\u2019enfant conna\u00eet d\u00e9j\u00e0<\/li>\n<li>de ce qu\u2019il lui reste encore \u00e0 faire pour atteindre le niveau de d\u00e9veloppement de la comp\u00e9tence<\/li>\n<li>de l\u2019orienter et de le guider au mieux dans de futures d\u00e9cisions<\/li>\n<\/ul>\n<p style=\"text-align: justify;\">Apprendre demande du temps, c\u2019est pour cela qu\u2019il n\u2019y a que 3 bulletins durant l\u2019ann\u00e9e de la P1 \u00e0 la P6.<\/p>\n<p style=\"text-align: justify;\">Des rencontres\u00a0avec l\u2019\u00e9quipe \u00e9ducative sont organis\u00e9es afin de sensibiliser les diff\u00e9rents acteurs du d\u00e9veloppement de l\u2019enfant.<\/p>\n<ul>\n<li style=\"text-align: justify;\">R\u00e9union de rentr\u00e9e en septembre<\/li>\n<li style=\"text-align: justify;\">Rencontre enseignant-parents en novembre<\/li>\n<li style=\"text-align: justify;\">Rendez-vous ponctuels selon les besoins.<\/li>\n<\/ul>\n","protected":false},"excerpt":{"rendered":"<p>\u00ab\u00a0D\u00e9cret mission\u00a0\u00bb Le\u00a0projet p\u00e9dagogique\u00a0s\u2019articule autour de ces diff\u00e9rentes facettes\u00a0: Vivre la d\u00e9mocratie au quotidien Cr\u00e9er un contexte d\u2019apprentissage favorable Ouvrir l\u2019\u00e9cole aux parents et \u00e0 d\u2019autres partenaires Constituer de v\u00e9ritables \u00e9quipes \u00e9ducatives Conduire chacun des \u00e9l\u00e8ves aux comp\u00e9tences et savoirs attendus Organiser des bilans Pr\u00e9parer aux choix professionnels en d\u00e9passant les limites sociales et culturelles. &hellip; <\/p>\n<p><a class=\"more-link btn\" href=\"https:\/\/efan.be\/index.php\/projet-pedagogique\/\">Lire la suite<\/a><\/p>\n","protected":false},"author":15,"featured_media":0,"parent":0,"menu_order":0,"comment_status":"closed","ping_status":"closed","template":"","meta":[],"_links":{"self":[{"href":"https:\/\/efan.be\/index.php\/wp-json\/wp\/v2\/pages\/24"}],"collection":[{"href":"https:\/\/efan.be\/index.php\/wp-json\/wp\/v2\/pages"}],"about":[{"href":"https:\/\/efan.be\/index.php\/wp-json\/wp\/v2\/types\/page"}],"author":[{"embeddable":true,"href":"https:\/\/efan.be\/index.php\/wp-json\/wp\/v2\/users\/15"}],"replies":[{"embeddable":true,"href":"https:\/\/efan.be\/index.php\/wp-json\/wp\/v2\/comments?post=24"}],"version-history":[{"count":6,"href":"https:\/\/efan.be\/index.php\/wp-json\/wp\/v2\/pages\/24\/revisions"}],"predecessor-version":[{"id":2230,"href":"https:\/\/efan.be\/index.php\/wp-json\/wp\/v2\/pages\/24\/revisions\/2230"}],"wp:attachment":[{"href":"https:\/\/efan.be\/index.php\/wp-json\/wp\/v2\/media?parent=24"}],"curies":[{"name":"wp","href":"https:\/\/api.w.org\/{rel}","templated":true}]}}