{"id":28,"date":"2017-04-03T12:34:28","date_gmt":"2017-04-03T10:34:28","guid":{"rendered":"http:\/\/efan.be\/?page_id=28"},"modified":"2020-10-15T14:55:51","modified_gmt":"2020-10-15T12:55:51","slug":"reglement-dordre-interieur","status":"publish","type":"page","link":"https:\/\/efan.be\/index.php\/reglement-dordre-interieur\/","title":{"rendered":"R\u00e8glement d&rsquo;ordre int\u00e9rieur"},"content":{"rendered":"<p>&nbsp;<\/p>\n<p><span style=\"font-size: 18pt;\">Pour t\u00e9l\u00e9charger le r\u00e8glement d&rsquo;ordre int\u00e9rieur<\/span><\/p>\n<p><span style=\"color: #ff0000; font-size: 14pt;\"> cliquez ici<\/span>\u00a0\u00a0\u00a0\u00a0\u00a0\u00a0 <a href=\"http:\/\/efan.be\/wp-content\/uploads\/2020\/10\/brochure_abb\u00e9noel_v05.pdf\">ROI<\/a><\/p>\n","protected":false},"excerpt":{"rendered":"<p>&nbsp; Pour t\u00e9l\u00e9charger le r\u00e8glement d&rsquo;ordre int\u00e9rieur cliquez ici\u00a0\u00a0\u00a0\u00a0\u00a0\u00a0 ROI<\/p>\n","protected":false},"author":15,"featured_media":0,"parent":0,"menu_order":0,"comment_status":"closed","ping_status":"closed","template":"","meta":[],"_links":{"self":[{"href":"https:\/\/efan.be\/index.php\/wp-json\/wp\/v2\/pages\/28"}],"collection":[{"href":"https:\/\/efan.be\/index.php\/wp-json\/wp\/v2\/pages"}],"about":[{"href":"https:\/\/efan.be\/index.php\/wp-json\/wp\/v2\/types\/page"}],"author":[{"embeddable":true,"href":"https:\/\/efan.be\/index.php\/wp-json\/wp\/v2\/users\/15"}],"replies":[{"embeddable":true,"href":"https:\/\/efan.be\/index.php\/wp-json\/wp\/v2\/comments?post=28"}],"version-history":[{"count":12,"href":"https:\/\/efan.be\/index.php\/wp-json\/wp\/v2\/pages\/28\/revisions"}],"predecessor-version":[{"id":3151,"href":"https:\/\/efan.be\/index.php\/wp-json\/wp\/v2\/pages\/28\/revisions\/3151"}],"wp:attachment":[{"href":"https:\/\/efan.be\/index.php\/wp-json\/wp\/v2\/media?parent=28"}],"curies":[{"name":"wp","href":"https:\/\/api.w.org\/{rel}","templated":true}]}}