{"id":30,"date":"2017-04-03T12:34:56","date_gmt":"2017-04-03T10:34:56","guid":{"rendered":"http:\/\/efan.be\/?page_id=30"},"modified":"2022-01-25T11:38:46","modified_gmt":"2022-01-25T10:38:46","slug":"les-batiments","status":"publish","type":"page","link":"https:\/\/efan.be\/index.php\/les-batiments\/","title":{"rendered":"Les b\u00e2timents"},"content":{"rendered":"<p><strong><span style=\"font-size: 14pt;\">Situation<\/span><\/strong><\/p>\n<p><span style=\"font-family: 'comic sans ms', sans-serif; font-size: 12pt;\">L&rsquo;\u00e9cole Abb\u00e9 No\u00ebl est situ\u00e9e au c\u0153ur\u00a0du village\u00a0<\/span><span style=\"font-family: 'comic sans ms', sans-serif; font-size: 12pt;\">en face de la maison communale d&rsquo;Eghez\u00e9e.<\/span><\/p>\n\n\t\t<style type=\"text\/css\">\n\t\t\t#gallery-1 {\n\t\t\t\tmargin: auto;\n\t\t\t}\n\t\t\t#gallery-1 .gallery-item {\n\t\t\t\tfloat: left;\n\t\t\t\tmargin-top: 10px;\n\t\t\t\ttext-align: center;\n\t\t\t\twidth: 100%;\n\t\t\t}\n\t\t\t#gallery-1 img {\n\t\t\t\tborder: 2px solid #cfcfcf;\n\t\t\t}\n\t\t\t#gallery-1 .gallery-caption {\n\t\t\t\tmargin-left: 0;\n\t\t\t}\n\t\t\t\/* see gallery_shortcode() in wp-includes\/media.php *\/\n\t\t<\/style>\n\t\t<div id='gallery-1' class='gallery galleryid-30 gallery-columns-1 gallery-size-large'><dl class='gallery-item'>\n\t\t\t<dt class='gallery-icon landscape'>\n\t\t\t\t<a href='https:\/\/efan.be\/index.php\/page-d-exemple\/dcim100mediadji_0008-jpg\/'><img width=\"750\" height=\"500\" src=\"https:\/\/efan.be\/wp-content\/uploads\/2020\/05\/DJI_0008-1-1024x683.jpg\" class=\"attachment-large size-large\" alt=\"\" loading=\"lazy\" srcset=\"https:\/\/efan.be\/wp-content\/uploads\/2020\/05\/DJI_0008-1-1024x683.jpg 1024w, https:\/\/efan.be\/wp-content\/uploads\/2020\/05\/DJI_0008-1-300x200.jpg 300w, https:\/\/efan.be\/wp-content\/uploads\/2020\/05\/DJI_0008-1-768x512.jpg 768w, https:\/\/efan.be\/wp-content\/uploads\/2020\/05\/DJI_0008-1-1170x780.jpg 1170w\" sizes=\"(max-width: 750px) 100vw, 750px\" \/><\/a>\n\t\t\t<\/dt><\/dl><br style=\"clear: both\" \/>\n\t\t<\/div>\n\n<p><strong><span style=\"font-size: 14pt;\">Les b\u00e2timents<\/span><\/strong><\/p>\n\n\t\t<style type=\"text\/css\">\n\t\t\t#gallery-2 {\n\t\t\t\tmargin: auto;\n\t\t\t}\n\t\t\t#gallery-2 .gallery-item {\n\t\t\t\tfloat: left;\n\t\t\t\tmargin-top: 10px;\n\t\t\t\ttext-align: center;\n\t\t\t\twidth: 50%;\n\t\t\t}\n\t\t\t#gallery-2 img {\n\t\t\t\tborder: 2px solid #cfcfcf;\n\t\t\t}\n\t\t\t#gallery-2 .gallery-caption {\n\t\t\t\tmargin-left: 0;\n\t\t\t}\n\t\t\t\/* see gallery_shortcode() in wp-includes\/media.php *\/\n\t\t<\/style>\n\t\t<div id='gallery-2' class='gallery galleryid-30 gallery-columns-2 gallery-size-medium'><dl class='gallery-item'>\n\t\t\t<dt class='gallery-icon landscape'>\n\t\t\t\t<a href='https:\/\/efan.be\/index.php\/les-batiments\/dsc07043\/'><img width=\"300\" height=\"225\" src=\"https:\/\/efan.be\/wp-content\/uploads\/2018\/05\/DSC07043-300x225.jpg\" class=\"attachment-medium size-medium\" alt=\"\" loading=\"lazy\" aria-describedby=\"gallery-2-1619\" srcset=\"https:\/\/efan.be\/wp-content\/uploads\/2018\/05\/DSC07043-300x225.jpg 300w, https:\/\/efan.be\/wp-content\/uploads\/2018\/05\/DSC07043-768x576.jpg 768w, https:\/\/efan.be\/wp-content\/uploads\/2018\/05\/DSC07043-1024x768.jpg 1024w, https:\/\/efan.be\/wp-content\/uploads\/2018\/05\/DSC07043-1170x878.jpg 1170w\" sizes=\"(max-width: 300px) 100vw, 300px\" \/><\/a>\n\t\t\t<\/dt>\n\t\t\t\t<dd class='wp-caption-text gallery-caption' id='gallery-2-1619'>\n\t\t\t\tLe pr\u00e9au et l&rsquo;entr\u00e9e du grand r\u00e9fectoire\n\t\t\t\t<\/dd><\/dl><dl class='gallery-item'>\n\t\t\t<dt class='gallery-icon landscape'>\n\t\t\t\t<a href='https:\/\/efan.be\/index.php\/les-batiments\/dsc07045\/'><img width=\"300\" height=\"225\" src=\"https:\/\/efan.be\/wp-content\/uploads\/2018\/05\/DSC07045-300x225.jpg\" class=\"attachment-medium size-medium\" alt=\"\" loading=\"lazy\" aria-describedby=\"gallery-2-1621\" srcset=\"https:\/\/efan.be\/wp-content\/uploads\/2018\/05\/DSC07045-300x225.jpg 300w, https:\/\/efan.be\/wp-content\/uploads\/2018\/05\/DSC07045-768x576.jpg 768w, https:\/\/efan.be\/wp-content\/uploads\/2018\/05\/DSC07045-1024x768.jpg 1024w, https:\/\/efan.be\/wp-content\/uploads\/2018\/05\/DSC07045-1170x878.jpg 1170w\" sizes=\"(max-width: 300px) 100vw, 300px\" \/><\/a>\n\t\t\t<\/dt>\n\t\t\t\t<dd class='wp-caption-text gallery-caption' id='gallery-2-1621'>\n\t\t\t\tDirection et secr\u00e9tariat\n\t\t\t\t<\/dd><\/dl><br style=\"clear: both\" \/><dl class='gallery-item'>\n\t\t\t<dt class='gallery-icon landscape'>\n\t\t\t\t<a href='https:\/\/efan.be\/index.php\/les-batiments\/bdr-14\/'><img width=\"300\" height=\"225\" src=\"https:\/\/efan.be\/wp-content\/uploads\/2018\/05\/IMG_20180516_075450-300x225.jpg\" class=\"attachment-medium size-medium\" alt=\"\" loading=\"lazy\" aria-describedby=\"gallery-2-1649\" srcset=\"https:\/\/efan.be\/wp-content\/uploads\/2018\/05\/IMG_20180516_075450-300x225.jpg 300w, https:\/\/efan.be\/wp-content\/uploads\/2018\/05\/IMG_20180516_075450-768x576.jpg 768w, https:\/\/efan.be\/wp-content\/uploads\/2018\/05\/IMG_20180516_075450-1024x768.jpg 1024w, https:\/\/efan.be\/wp-content\/uploads\/2018\/05\/IMG_20180516_075450-1170x878.jpg 1170w\" sizes=\"(max-width: 300px) 100vw, 300px\" \/><\/a>\n\t\t\t<\/dt>\n\t\t\t\t<dd class='wp-caption-text gallery-caption' id='gallery-2-1649'>\n\t\t\t\tC\u00f4t\u00e9 maternel\n\t\t\t\t<\/dd><\/dl><dl class='gallery-item'>\n\t\t\t<dt class='gallery-icon landscape'>\n\t\t\t\t<a href='https:\/\/efan.be\/index.php\/les-batiments\/bdr-15\/'><img width=\"300\" height=\"225\" src=\"https:\/\/efan.be\/wp-content\/uploads\/2018\/05\/IMG_20180516_075502-300x225.jpg\" class=\"attachment-medium size-medium\" alt=\"\" loading=\"lazy\" aria-describedby=\"gallery-2-1650\" srcset=\"https:\/\/efan.be\/wp-content\/uploads\/2018\/05\/IMG_20180516_075502-300x225.jpg 300w, https:\/\/efan.be\/wp-content\/uploads\/2018\/05\/IMG_20180516_075502-768x576.jpg 768w, https:\/\/efan.be\/wp-content\/uploads\/2018\/05\/IMG_20180516_075502-1024x768.jpg 1024w, https:\/\/efan.be\/wp-content\/uploads\/2018\/05\/IMG_20180516_075502-1170x878.jpg 1170w\" sizes=\"(max-width: 300px) 100vw, 300px\" \/><\/a>\n\t\t\t<\/dt>\n\t\t\t\t<dd class='wp-caption-text gallery-caption' id='gallery-2-1650'>\n\t\t\t\tPetit r\u00e9fectoire et garderie\n\t\t\t\t<\/dd><\/dl><br style=\"clear: both\" \/><dl class='gallery-item'>\n\t\t\t<dt class='gallery-icon landscape'>\n\t\t\t\t<a href='https:\/\/efan.be\/index.php\/les-batiments\/bty-51\/'><img width=\"300\" height=\"225\" src=\"https:\/\/efan.be\/wp-content\/uploads\/2018\/05\/IMG_20180516_075556-300x225.jpg\" class=\"attachment-medium size-medium\" alt=\"\" loading=\"lazy\" aria-describedby=\"gallery-2-1651\" srcset=\"https:\/\/efan.be\/wp-content\/uploads\/2018\/05\/IMG_20180516_075556-300x225.jpg 300w, https:\/\/efan.be\/wp-content\/uploads\/2018\/05\/IMG_20180516_075556-768x576.jpg 768w, https:\/\/efan.be\/wp-content\/uploads\/2018\/05\/IMG_20180516_075556-1024x768.jpg 1024w, https:\/\/efan.be\/wp-content\/uploads\/2018\/05\/IMG_20180516_075556-1170x878.jpg 1170w\" sizes=\"(max-width: 300px) 100vw, 300px\" \/><\/a>\n\t\t\t<\/dt>\n\t\t\t\t<dd class='wp-caption-text gallery-caption' id='gallery-2-1651'>\n\t\t\t\t C\u00f4t\u00e9 primaire\n\t\t\t\t<\/dd><\/dl><dl class='gallery-item'>\n\t\t\t<dt class='gallery-icon landscape'>\n\t\t\t\t<a href='https:\/\/efan.be\/index.php\/les-batiments\/bdr-16\/'><img width=\"300\" height=\"225\" src=\"https:\/\/efan.be\/wp-content\/uploads\/2018\/05\/IMG_20180516_075525-300x225.jpg\" class=\"attachment-medium size-medium\" alt=\"\" loading=\"lazy\" aria-describedby=\"gallery-2-1659\" srcset=\"https:\/\/efan.be\/wp-content\/uploads\/2018\/05\/IMG_20180516_075525-300x225.jpg 300w, https:\/\/efan.be\/wp-content\/uploads\/2018\/05\/IMG_20180516_075525-768x576.jpg 768w, https:\/\/efan.be\/wp-content\/uploads\/2018\/05\/IMG_20180516_075525-1024x768.jpg 1024w, https:\/\/efan.be\/wp-content\/uploads\/2018\/05\/IMG_20180516_075525-1170x878.jpg 1170w\" sizes=\"(max-width: 300px) 100vw, 300px\" \/><\/a>\n\t\t\t<\/dt>\n\t\t\t\t<dd class='wp-caption-text gallery-caption' id='gallery-2-1659'>\n\t\t\t\tPr\u00e9au\n\t\t\t\t<\/dd><\/dl><br style=\"clear: both\" \/>\n\t\t<\/div>\n\n<p><strong><span style=\"font-size: 14pt;\">\u00a0<\/span><\/strong><\/p>\n\n\t\t<style type=\"text\/css\">\n\t\t\t#gallery-3 {\n\t\t\t\tmargin: auto;\n\t\t\t}\n\t\t\t#gallery-3 .gallery-item {\n\t\t\t\tfloat: left;\n\t\t\t\tmargin-top: 10px;\n\t\t\t\ttext-align: center;\n\t\t\t\twidth: 50%;\n\t\t\t}\n\t\t\t#gallery-3 img {\n\t\t\t\tborder: 2px solid #cfcfcf;\n\t\t\t}\n\t\t\t#gallery-3 .gallery-caption {\n\t\t\t\tmargin-left: 0;\n\t\t\t}\n\t\t\t\/* see gallery_shortcode() in wp-includes\/media.php *\/\n\t\t<\/style>\n\t\t<div id='gallery-3' class='gallery galleryid-30 gallery-columns-2 gallery-size-medium'><dl class='gallery-item'>\n\t\t\t<dt class='gallery-icon landscape'>\n\t\t\t\t<a href='https:\/\/efan.be\/index.php\/les-batiments\/ecole_gd_eghezeelibre\/'><img width=\"300\" height=\"165\" src=\"https:\/\/efan.be\/wp-content\/uploads\/2018\/05\/ecole_gd_eghezeelibre-300x165.jpg\" class=\"attachment-medium size-medium\" alt=\"\" loading=\"lazy\" aria-describedby=\"gallery-3-1623\" srcset=\"https:\/\/efan.be\/wp-content\/uploads\/2018\/05\/ecole_gd_eghezeelibre-300x165.jpg 300w, https:\/\/efan.be\/wp-content\/uploads\/2018\/05\/ecole_gd_eghezeelibre.jpg 350w\" sizes=\"(max-width: 300px) 100vw, 300px\" \/><\/a>\n\t\t\t<\/dt>\n\t\t\t\t<dd class='wp-caption-text gallery-caption' id='gallery-3-1623'>\n\t\t\t\tEntr\u00e9e c\u00f4t\u00e9 champ de foire\n\t\t\t\t<\/dd><\/dl><dl class='gallery-item'>\n\t\t\t<dt class='gallery-icon landscape'>\n\t\t\t\t<a href='https:\/\/efan.be\/index.php\/les-batiments\/bty-55\/'><img width=\"300\" height=\"225\" src=\"https:\/\/efan.be\/wp-content\/uploads\/2018\/05\/IMG_20180516_075927-300x225.jpg\" class=\"attachment-medium size-medium\" alt=\"\" loading=\"lazy\" aria-describedby=\"gallery-3-1660\" srcset=\"https:\/\/efan.be\/wp-content\/uploads\/2018\/05\/IMG_20180516_075927-300x225.jpg 300w, https:\/\/efan.be\/wp-content\/uploads\/2018\/05\/IMG_20180516_075927-768x576.jpg 768w, https:\/\/efan.be\/wp-content\/uploads\/2018\/05\/IMG_20180516_075927-1024x768.jpg 1024w, https:\/\/efan.be\/wp-content\/uploads\/2018\/05\/IMG_20180516_075927-1170x878.jpg 1170w\" sizes=\"(max-width: 300px) 100vw, 300px\" \/><\/a>\n\t\t\t<\/dt>\n\t\t\t\t<dd class='wp-caption-text gallery-caption' id='gallery-3-1660'>\n\t\t\t\tHall omnisport\n\t\t\t\t<\/dd><\/dl><br style=\"clear: both\" \/><dl class='gallery-item'>\n\t\t\t<dt class='gallery-icon landscape'>\n\t\t\t\t<a href='https:\/\/efan.be\/index.php\/les-batiments\/collegeabbenoeleghezee_avant_\/'><img width=\"300\" height=\"225\" src=\"https:\/\/efan.be\/wp-content\/uploads\/2018\/05\/College20abbe20Noel20Eghezee_avant_-300x225.jpg\" class=\"attachment-medium size-medium\" alt=\"\" loading=\"lazy\" aria-describedby=\"gallery-3-1624\" srcset=\"https:\/\/efan.be\/wp-content\/uploads\/2018\/05\/College20abbe20Noel20Eghezee_avant_-300x225.jpg 300w, https:\/\/efan.be\/wp-content\/uploads\/2018\/05\/College20abbe20Noel20Eghezee_avant_.jpg 640w\" sizes=\"(max-width: 300px) 100vw, 300px\" \/><\/a>\n\t\t\t<\/dt>\n\t\t\t\t<dd class='wp-caption-text gallery-caption' id='gallery-3-1624'>\n\t\t\t\tHall int\u00e9rieur\n\t\t\t\t<\/dd><\/dl><dl class='gallery-item'>\n\t\t\t<dt class='gallery-icon landscape'>\n\t\t\t\t<a href='https:\/\/efan.be\/index.php\/les-batiments\/13465956_1125955594135788_4324138960593518949_n\/'><img width=\"300\" height=\"225\" src=\"https:\/\/efan.be\/wp-content\/uploads\/2018\/05\/13465956_1125955594135788_4324138960593518949_n-300x225.jpg\" class=\"attachment-medium size-medium\" alt=\"\" loading=\"lazy\" aria-describedby=\"gallery-3-1625\" srcset=\"https:\/\/efan.be\/wp-content\/uploads\/2018\/05\/13465956_1125955594135788_4324138960593518949_n-300x225.jpg 300w, https:\/\/efan.be\/wp-content\/uploads\/2018\/05\/13465956_1125955594135788_4324138960593518949_n-768x576.jpg 768w, https:\/\/efan.be\/wp-content\/uploads\/2018\/05\/13465956_1125955594135788_4324138960593518949_n.jpg 960w\" sizes=\"(max-width: 300px) 100vw, 300px\" \/><\/a>\n\t\t\t<\/dt>\n\t\t\t\t<dd class='wp-caption-text gallery-caption' id='gallery-3-1625'>\n\t\t\t\tsalle de gymnastique\n\t\t\t\t<\/dd><\/dl><br style=\"clear: both\" \/><dl class='gallery-item'>\n\t\t\t<dt class='gallery-icon landscape'>\n\t\t\t\t<a href='https:\/\/efan.be\/index.php\/2017\/12\/08\/visite-de-saint-nicolas-2\/bty-7\/'><img width=\"300\" height=\"225\" src=\"https:\/\/efan.be\/wp-content\/uploads\/2017\/12\/IMG_20171201_112354-300x225.jpg\" class=\"attachment-medium size-medium\" alt=\"\" loading=\"lazy\" aria-describedby=\"gallery-3-1196\" srcset=\"https:\/\/efan.be\/wp-content\/uploads\/2017\/12\/IMG_20171201_112354-300x225.jpg 300w, https:\/\/efan.be\/wp-content\/uploads\/2017\/12\/IMG_20171201_112354-768x576.jpg 768w, https:\/\/efan.be\/wp-content\/uploads\/2017\/12\/IMG_20171201_112354-1024x768.jpg 1024w, https:\/\/efan.be\/wp-content\/uploads\/2017\/12\/IMG_20171201_112354-1170x878.jpg 1170w\" sizes=\"(max-width: 300px) 100vw, 300px\" \/><\/a>\n\t\t\t<\/dt>\n\t\t\t\t<dd class='wp-caption-text gallery-caption' id='gallery-3-1196'>\n\t\t\t\tParcours \n\t\t\t\t<\/dd><\/dl><dl class='gallery-item'>\n\t\t\t<dt class='gallery-icon landscape'>\n\t\t\t\t<a href='https:\/\/efan.be\/index.php\/les-batiments\/14642169_1250245081706838_5458416676748478496_n\/'><img width=\"300\" height=\"225\" src=\"https:\/\/efan.be\/wp-content\/uploads\/2018\/05\/14642169_1250245081706838_5458416676748478496_n-300x225.jpg\" class=\"attachment-medium size-medium\" alt=\"\" loading=\"lazy\" aria-describedby=\"gallery-3-1626\" srcset=\"https:\/\/efan.be\/wp-content\/uploads\/2018\/05\/14642169_1250245081706838_5458416676748478496_n-300x225.jpg 300w, https:\/\/efan.be\/wp-content\/uploads\/2018\/05\/14642169_1250245081706838_5458416676748478496_n-768x576.jpg 768w, https:\/\/efan.be\/wp-content\/uploads\/2018\/05\/14642169_1250245081706838_5458416676748478496_n.jpg 960w\" sizes=\"(max-width: 300px) 100vw, 300px\" \/><\/a>\n\t\t\t<\/dt>\n\t\t\t\t<dd class='wp-caption-text gallery-caption' id='gallery-3-1626'>\n\t\t\t\tGrand r\u00e9fectoire\n\t\t\t\t<\/dd><\/dl><br style=\"clear: both\" \/>\n\t\t<\/div>\n\n","protected":false},"excerpt":{"rendered":"<p>Situation L&rsquo;\u00e9cole Abb\u00e9 No\u00ebl est situ\u00e9e au c\u0153ur\u00a0du village\u00a0en face de la maison communale d&rsquo;Eghez\u00e9e. Les b\u00e2timents \u00a0<\/p>\n","protected":false},"author":15,"featured_media":0,"parent":0,"menu_order":0,"comment_status":"closed","ping_status":"closed","template":"","meta":[],"_links":{"self":[{"href":"https:\/\/efan.be\/index.php\/wp-json\/wp\/v2\/pages\/30"}],"collection":[{"href":"https:\/\/efan.be\/index.php\/wp-json\/wp\/v2\/pages"}],"about":[{"href":"https:\/\/efan.be\/index.php\/wp-json\/wp\/v2\/types\/page"}],"author":[{"embeddable":true,"href":"https:\/\/efan.be\/index.php\/wp-json\/wp\/v2\/users\/15"}],"replies":[{"embeddable":true,"href":"https:\/\/efan.be\/index.php\/wp-json\/wp\/v2\/comments?post=30"}],"version-history":[{"count":10,"href":"https:\/\/efan.be\/index.php\/wp-json\/wp\/v2\/pages\/30\/revisions"}],"predecessor-version":[{"id":3940,"href":"https:\/\/efan.be\/index.php\/wp-json\/wp\/v2\/pages\/30\/revisions\/3940"}],"wp:attachment":[{"href":"https:\/\/efan.be\/index.php\/wp-json\/wp\/v2\/media?parent=30"}],"curies":[{"name":"wp","href":"https:\/\/api.w.org\/{rel}","templated":true}]}}