{"id":34,"date":"2017-04-03T12:35:47","date_gmt":"2017-04-03T10:35:47","guid":{"rendered":"http:\/\/efan.be\/?page_id=34"},"modified":"2025-08-19T11:12:09","modified_gmt":"2025-08-19T09:12:09","slug":"lequipe-enseignante","status":"publish","type":"page","link":"https:\/\/efan.be\/index.php\/lequipe-enseignante\/","title":{"rendered":"L&rsquo;\u00e9quipe enseignante"},"content":{"rendered":"<p><span style=\"text-decoration: underline;\"><strong>Direction<\/strong><\/span><strong>: <\/strong><strong><span style=\"color: #000000;\">Mme Merckx Am\u00e9lie<\/span><br \/>\n<\/strong><\/p>\n<p><strong><span style=\"text-decoration: underline;\">Secr\u00e9taire<\/span>: <span style=\"color: #000000;\">Mme Parant Val\u00e9rie<\/span><\/strong><\/p>\n<p><strong><span style=\"text-decoration: underline;\">\u00c9quipe enseignante<\/span><\/strong><\/p>\n<p><strong><u>En maternelle<\/u>:\u00a0\u00a0 <\/strong><strong>Cycle 1 <\/strong><\/p>\n<ul>\n<li><strong>Accueil-1\u00e8re A <span style=\"color: #ff0000;\">(les poussins) <\/span><\/strong>: <span style=\"color: #000000;\">Mme Marie-France et Mme C\u00e9line (la pu\u00e9ricultrice)<\/span><\/li>\n<li><strong>1\u00e8re A et 2\u00e8me A <span style=\"color: #ff0000;\">(les pandas) <\/span><\/strong>:\u00a0<span style=\"background-color: #ffffff; color: #000000;\">Mme Sandrine<\/span><\/li>\n<li><strong>2\u00e8me A et 3\u00e8me A <span style=\"color: #ff0000;\">(les colibris) <\/span><\/strong>: <span style=\"color: #000000;\">Mme V\u00e9ronique<\/span><\/li>\n<li><strong>2\u00e8me B et 3\u00e8me B <span style=\"color: #ff0000;\">(les dauphins)<\/span> :<\/strong> <span style=\"color: #000000;\">Mme Katy<\/span><\/li>\n<\/ul>\n<p><strong><u>En primaire<\/u>:<\/strong><\/p>\n<ul>\n<li><strong>Cycle 2 <\/strong>: <span style=\"color: #000000;\">Mme Marie et Mlle Oc\u00e9ane<\/span><\/li>\n<li><strong>Cycle 3 <\/strong>: <span style=\"color: #000000;\">Mme Muriel, Mlle \u00c9lodie et Mlle Manon<\/span><\/li>\n<li><strong>Cycle 4 <\/strong>: <span style=\"color: #000000;\">Mme Marie, Mme Marie-Salma et Mr Eric<\/span><\/li>\n<\/ul>\n<p><strong><u><br \/>\nPolyvalence<\/u> : <\/strong><span style=\"color: #000000;\">Mme Louise<\/span><\/p>\n<p><strong><u>N\u00e9erlandais et n\u00e9erlandais pr\u00e9coce<\/u><\/strong><\/p>\n<ul>\n<li><span style=\"color: #000000;\">Mme Dominique Targez en\u00a0 P3, P4, P5 et P6<\/span><\/li>\n<\/ul>\n<p><strong><u><br \/>\nPsychomotricit\u00e9 et \u00e9ducation physique:<\/u><\/strong><\/p>\n<ul>\n<li><span style=\"color: #000000;\">Mme Magali<\/span><\/li>\n<li><span style=\"color: #000000;\">Mr Corentin<\/span><\/li>\n<\/ul>\n","protected":false},"excerpt":{"rendered":"<p>Direction: Mme Merckx Am\u00e9lie Secr\u00e9taire: Mme Parant Val\u00e9rie \u00c9quipe enseignante En maternelle:\u00a0\u00a0 Cycle 1 Accueil-1\u00e8re A (les poussins) : Mme Marie-France et Mme C\u00e9line (la pu\u00e9ricultrice) 1\u00e8re A et 2\u00e8me A (les pandas) :\u00a0Mme Sandrine 2\u00e8me A et 3\u00e8me A (les colibris) : Mme V\u00e9ronique 2\u00e8me B et 3\u00e8me B (les dauphins) : Mme Katy &hellip; <\/p>\n<p><a class=\"more-link btn\" href=\"https:\/\/efan.be\/index.php\/lequipe-enseignante\/\">Lire la suite<\/a><\/p>\n","protected":false},"author":15,"featured_media":0,"parent":0,"menu_order":0,"comment_status":"closed","ping_status":"closed","template":"","meta":[],"_links":{"self":[{"href":"https:\/\/efan.be\/index.php\/wp-json\/wp\/v2\/pages\/34"}],"collection":[{"href":"https:\/\/efan.be\/index.php\/wp-json\/wp\/v2\/pages"}],"about":[{"href":"https:\/\/efan.be\/index.php\/wp-json\/wp\/v2\/types\/page"}],"author":[{"embeddable":true,"href":"https:\/\/efan.be\/index.php\/wp-json\/wp\/v2\/users\/15"}],"replies":[{"embeddable":true,"href":"https:\/\/efan.be\/index.php\/wp-json\/wp\/v2\/comments?post=34"}],"version-history":[{"count":43,"href":"https:\/\/efan.be\/index.php\/wp-json\/wp\/v2\/pages\/34\/revisions"}],"predecessor-version":[{"id":7258,"href":"https:\/\/efan.be\/index.php\/wp-json\/wp\/v2\/pages\/34\/revisions\/7258"}],"wp:attachment":[{"href":"https:\/\/efan.be\/index.php\/wp-json\/wp\/v2\/media?parent=34"}],"curies":[{"name":"wp","href":"https:\/\/api.w.org\/{rel}","templated":true}]}}