{"id":46,"date":"2017-04-03T12:38:15","date_gmt":"2017-04-03T10:38:15","guid":{"rendered":"http:\/\/efan.be\/?page_id=46"},"modified":"2025-09-18T14:46:55","modified_gmt":"2025-09-18T12:46:55","slug":"repas-chauds","status":"publish","type":"page","link":"https:\/\/efan.be\/index.php\/repas-chauds\/","title":{"rendered":"Repas chauds et potage"},"content":{"rendered":"<p><span style=\"color: #008000; font-size: 14pt;\">Collation saine<\/span><\/p>\n<p>Ce moment se veut convivial pour d\u00e9couvrir, go\u00fbter, apprendre \u00e0 manger de tout et pour reculer la prise d\u2019aliments sucr\u00e9s\u00a0plus tard dans la journ\u00e9e! Au sein des classes, il est partag\u00e9 et v\u00e9cu positivement par la majorit\u00e9 des enfants et progressivement on constate qu\u2019ils s\u2019y sont d\u00e9j\u00e0 bien habitu\u00e9s.<\/p>\n<p>Les types de collations accept\u00e9s pour ce moment de la journ\u00e9e sont : l\u00e9gumes, fruits frais et secs, produits laitiers. Le vendredi, les enfants peuvent apporter des biscuits\/p\u00e2tisseries.<\/p>\n<p><span style=\"font-size: 14pt;\"><strong>Notre choix\u00a0: La cuisine TCO<\/strong><\/span><\/p>\n<h2><span style=\"font-size: 14pt;\">De la simple livraison de repas chauds ou froids \u00e0 la gestion compl\u00e8te de la cuisine , de la conception des menus, en passant par l\u2019achat d\u2019ingr\u00e9dients frais, locaux et de qualit\u00e9 sup\u00e9rieure, nous mettons toutes nos comp\u00e9tences et notre \u00e9nergie au service des \u00e9coles et ce dans une d\u00e9marche durable.<\/span><\/h2>\n<p><span style=\"font-size: 14pt;\"><strong>Durabilit\u00e9<\/strong><\/span><\/p>\n<p><strong>Frais, local et de saison,<\/strong> <strong>nous voulons utiliser les meilleurs ingr\u00e9dients.\u00a0\u00a0\u00a0\u00a0\u00a0\u00a0\u00a0\u00a0\u00a0\u00a0\u00a0\u00a0\u00a0\u00a0<\/strong><\/p>\n<ul>\n<li>Des produits frais et de saison<\/li>\n<\/ul>\n<p>Nous suivons le cycle des saisons afin de cuisiner un maximum de produits frais et locaux.<\/p>\n<ul>\n<li>En circuits courts<\/li>\n<\/ul>\n<p>Nous \u00e9tablissons des partenariats avec nos producteurs afin de favoriser le d\u00e9veloppement d\u2019une agriculture locale et durable. Une alimentation locale permet de r\u00e9duire notre impact environnemental.<\/p>\n<ul>\n<li>Produits BIO et labels de qualit\u00e9<\/li>\n<\/ul>\n<p>Nous avons s\u00e9lectionn\u00e9 une liste d\u2019ingr\u00e9dients pour lesquels nous vous garantissons la provenance 100% bio. Tous nos poissons sont issus de la p\u00eache ou de l\u2019aquaculture durable.<\/p>\n<ul>\n<li>Commerce \u00e9quitable<\/li>\n<\/ul>\n<p>TCO Service a opt\u00e9 pour des bananes, certains biscuits et du chocolat issus du commerce \u00e9quitable.<\/p>\n<p>100% de nos bananes portent le label FairTrade.<\/p>\n<table>\n<tbody>\n<tr>\n<td><span style=\"font-size: 14pt;\"><strong>En pratique\u2026<\/strong><\/span><\/p>\n<p>Les menus sont transmis via un formulaire chaque mois, que vous compl\u00e9tez et envoyez par voie \u00e9lectronique. Ensuite, vous versez\u00a0 la somme exacte sur le compte <strong>BE47 2500 1681 9380<\/strong> avec en communication le nom, pr\u00e9nom de l\u2019enfant.<\/p>\n<p><img loading=\"lazy\" class=\"aligncenter wp-image-313\" src=\"http:\/\/efan.be\/wp-content\/uploads\/2017\/04\/canstock41158791-300x162.jpg\" alt=\"\" width=\"168\" height=\"91\" \/><\/p>\n<p style=\"text-align: center;\">\u00a0<span style=\"font-size: 18pt;\">Merci<\/span><\/p>\n<\/td>\n<\/tr>\n<\/tbody>\n<\/table>\n","protected":false},"excerpt":{"rendered":"<p>Collation saine Ce moment se veut convivial pour d\u00e9couvrir, go\u00fbter, apprendre \u00e0 manger de tout et pour reculer la prise d\u2019aliments sucr\u00e9s\u00a0plus tard dans la journ\u00e9e! Au sein des classes, il est partag\u00e9 et v\u00e9cu positivement par la majorit\u00e9 des enfants et progressivement on constate qu\u2019ils s\u2019y sont d\u00e9j\u00e0 bien habitu\u00e9s. Les types de collations &hellip; <\/p>\n<p><a class=\"more-link btn\" href=\"https:\/\/efan.be\/index.php\/repas-chauds\/\">Lire la suite<\/a><\/p>\n","protected":false},"author":15,"featured_media":0,"parent":0,"menu_order":0,"comment_status":"closed","ping_status":"closed","template":"","meta":[],"_links":{"self":[{"href":"https:\/\/efan.be\/index.php\/wp-json\/wp\/v2\/pages\/46"}],"collection":[{"href":"https:\/\/efan.be\/index.php\/wp-json\/wp\/v2\/pages"}],"about":[{"href":"https:\/\/efan.be\/index.php\/wp-json\/wp\/v2\/types\/page"}],"author":[{"embeddable":true,"href":"https:\/\/efan.be\/index.php\/wp-json\/wp\/v2\/users\/15"}],"replies":[{"embeddable":true,"href":"https:\/\/efan.be\/index.php\/wp-json\/wp\/v2\/comments?post=46"}],"version-history":[{"count":19,"href":"https:\/\/efan.be\/index.php\/wp-json\/wp\/v2\/pages\/46\/revisions"}],"predecessor-version":[{"id":7297,"href":"https:\/\/efan.be\/index.php\/wp-json\/wp\/v2\/pages\/46\/revisions\/7297"}],"wp:attachment":[{"href":"https:\/\/efan.be\/index.php\/wp-json\/wp\/v2\/media?parent=46"}],"curies":[{"name":"wp","href":"https:\/\/api.w.org\/{rel}","templated":true}]}}