{"id":50,"date":"2017-04-03T12:39:02","date_gmt":"2017-04-03T10:39:02","guid":{"rendered":"http:\/\/efan.be\/?page_id=50"},"modified":"2017-04-24T14:27:27","modified_gmt":"2017-04-24T12:27:27","slug":"absences","status":"publish","type":"page","link":"https:\/\/efan.be\/index.php\/absences\/","title":{"rendered":"Absences"},"content":{"rendered":"<p><img loading=\"lazy\" class=\"size-medium wp-image-133 aligncenter\" src=\"http:\/\/efan.be\/wp-content\/uploads\/2017\/04\/le-chat-300x263.jpg\" alt=\"\" width=\"300\" height=\"263\" srcset=\"https:\/\/efan.be\/wp-content\/uploads\/2017\/04\/le-chat-300x263.jpg 300w, https:\/\/efan.be\/wp-content\/uploads\/2017\/04\/le-chat.jpg 600w\" sizes=\"(max-width: 300px) 100vw, 300px\" \/><\/p>\n<p>Comme expliqu\u00e9 dans le r\u00e8glement d\u2019ordre int\u00e9rieur, toute absence doit \u00eatre communiqu\u00e9e au secr\u00e9tariat <strong><u>avant 9h00 par mail ou par t\u00e9l\u00e9phone<\/u><\/strong>.<\/p>\n<p>En cas de maladie contagieuse, veuillez pr\u00e9venir le plus rapidement possible la direction, le secr\u00e9tariat ou la titulaire de classe.<\/p>\n<p><strong><u>A partir de trois jours d&rsquo;absence<\/u><\/strong>, il est n\u00e9cessaire de compl\u00e9ter <strong><u>un document<\/u><\/strong> disponible au secr\u00e9tariat ou ci-joint.<\/p>\n<p>Pour une absence <strong><u>de moins de trois jours<\/u><\/strong>, <strong><u>un mot des parents <\/u><\/strong>est suffisant, mais la direction se r\u00e9serve le droit d&rsquo;accepter ou de refuser l&rsquo;absence.<\/p>\n<p>Lorsque votre enfant est absent, veuillez nous faire savoir \u00e0 qui nous pouvons transmettre le travail.<\/p>\n<ul>\n<li>Document \u00e0 t\u00e9l\u00e9charger\u00a0: <a href=\"http:\/\/efan.be\/wp-content\/uploads\/2017\/04\/justificatif-absence.docx\">justificatif d&rsquo;absence<\/a><\/li>\n<\/ul>\n","protected":false},"excerpt":{"rendered":"<p>Comme expliqu\u00e9 dans le r\u00e8glement d\u2019ordre int\u00e9rieur, toute absence doit \u00eatre communiqu\u00e9e au secr\u00e9tariat avant 9h00 par mail ou par t\u00e9l\u00e9phone. En cas de maladie contagieuse, veuillez pr\u00e9venir le plus rapidement possible la direction, le secr\u00e9tariat ou la titulaire de classe. A partir de trois jours d&rsquo;absence, il est n\u00e9cessaire de compl\u00e9ter un document disponible &hellip; <\/p>\n<p><a class=\"more-link btn\" href=\"https:\/\/efan.be\/index.php\/absences\/\">Lire la suite<\/a><\/p>\n","protected":false},"author":15,"featured_media":0,"parent":0,"menu_order":0,"comment_status":"closed","ping_status":"closed","template":"","meta":[],"_links":{"self":[{"href":"https:\/\/efan.be\/index.php\/wp-json\/wp\/v2\/pages\/50"}],"collection":[{"href":"https:\/\/efan.be\/index.php\/wp-json\/wp\/v2\/pages"}],"about":[{"href":"https:\/\/efan.be\/index.php\/wp-json\/wp\/v2\/types\/page"}],"author":[{"embeddable":true,"href":"https:\/\/efan.be\/index.php\/wp-json\/wp\/v2\/users\/15"}],"replies":[{"embeddable":true,"href":"https:\/\/efan.be\/index.php\/wp-json\/wp\/v2\/comments?post=50"}],"version-history":[{"count":3,"href":"https:\/\/efan.be\/index.php\/wp-json\/wp\/v2\/pages\/50\/revisions"}],"predecessor-version":[{"id":134,"href":"https:\/\/efan.be\/index.php\/wp-json\/wp\/v2\/pages\/50\/revisions\/134"}],"wp:attachment":[{"href":"https:\/\/efan.be\/index.php\/wp-json\/wp\/v2\/media?parent=50"}],"curies":[{"name":"wp","href":"https:\/\/api.w.org\/{rel}","templated":true}]}}