{"id":52,"date":"2017-04-03T12:39:20","date_gmt":"2017-04-03T10:39:20","guid":{"rendered":"http:\/\/efan.be\/?page_id=52"},"modified":"2025-09-18T14:32:03","modified_gmt":"2025-09-18T12:32:03","slug":"agenda","status":"publish","type":"page","link":"https:\/\/efan.be\/index.php\/agenda\/","title":{"rendered":"Agenda"},"content":{"rendered":"<p><img loading=\"lazy\" class=\"wp-image-386 aligncenter\" src=\"http:\/\/efan.be\/wp-content\/uploads\/2017\/04\/6ce8e83dee04b0d790b70eefc0562a9f1-300x245.jpg\" alt=\"\" width=\"246\" height=\"201\" srcset=\"https:\/\/efan.be\/wp-content\/uploads\/2017\/04\/6ce8e83dee04b0d790b70eefc0562a9f1-300x245.jpg 300w, https:\/\/efan.be\/wp-content\/uploads\/2017\/04\/6ce8e83dee04b0d790b70eefc0562a9f1.jpg 466w\" sizes=\"(max-width: 246px) 100vw, 246px\" \/><\/p>\n<table width=\"632\">\n<tbody>\n<tr>\n<td>\n<table class=\"tbl_listing tbl_lll tbl_oddeven\" style=\"height: 546px; width: 96.17%;\" width=\"819\">\n<thead>\n<tr style=\"height: 39px;\">\n<th style=\"width: 99.8579%; height: 39px;\" colspan=\"2\">Ann\u00e9e scolaire 2025-2026<\/th>\n<\/tr>\n<\/thead>\n<tbody>\n<tr style=\"height: 39px;\">\n<td style=\"width: 38.2102%; height: 39px;\"><span style=\"color: #000000;\">Rentr\u00e9e scolaire<\/span><\/td>\n<td style=\"width: 61.6477%; height: 39px;\"><span style=\"color: #000000;\">lundi 25 ao\u00fbt 2025<\/span><\/td>\n<\/tr>\n<tr style=\"height: 39px;\">\n<td style=\"width: 38.2102%; height: 39px;\">Cong\u00e9 d&rsquo;automne (Toussaint)<\/td>\n<td style=\"width: 61.6477%; height: 39px;\">du lundi 20 octobre 2025 au vendredi 31 octobre 2025<\/td>\n<\/tr>\n<tr style=\"height: 39px;\">\n<td style=\"width: 38.2102%; height: 39px;\">Armistice<\/td>\n<td style=\"width: 61.6477%; height: 39px;\">lundi 11 novembre 2025<\/td>\n<\/tr>\n<tr style=\"height: 39px;\">\n<td style=\"width: 38.2102%; height: 39px;\">Vacances d&rsquo;hiver (No\u00ebl)<\/td>\n<td style=\"width: 61.6477%; height: 39px;\">du lundi 22 d\u00e9cembre 2025 au vendredi 2 janvier 2026<\/td>\n<\/tr>\n<tr style=\"height: 39px;\">\n<td style=\"width: 38.2102%; height: 39px;\">Cong\u00e9 de d\u00e9tente (Carnaval)<\/td>\n<td style=\"width: 61.6477%; height: 39px;\">du lundi 16 f\u00e9vrier 2026 au vendredi 27 f\u00e9vrier 2026<\/td>\n<\/tr>\n<tr style=\"height: 39px;\">\n<td style=\"width: 38.2102%; height: 39px;\">Lundi de P\u00e2ques<\/td>\n<td style=\"width: 61.6477%; height: 39px;\">lundi 06 avril 2026<\/td>\n<\/tr>\n<tr style=\"height: 39px;\">\n<td style=\"width: 38.2102%; height: 39px;\">Vacances de printemps (P\u00e2ques)<\/td>\n<td style=\"width: 61.6477%; height: 39px;\">du lundi 27 avril 2026 au vendredi 8 mai 2026<\/td>\n<\/tr>\n<tr style=\"height: 39px;\">\n<td style=\"width: 38.2102%; height: 39px;\">Ascension<\/td>\n<td style=\"width: 61.6477%; height: 39px;\">jeudi 14 mai 2026<\/td>\n<\/tr>\n<tr style=\"height: 39px;\">\n<td style=\"width: 38.2102%; height: 39px;\">Lundi de Pentec\u00f4te<\/td>\n<td style=\"width: 61.6477%; height: 39px;\">lundi 25 mai 2025<\/td>\n<\/tr>\n<tr style=\"height: 39px;\">\n<td style=\"width: 38.2102%; height: 39px;\">Les vacances d&rsquo;\u00e9t\u00e9 d\u00e9butent le<\/td>\n<td style=\"width: 61.6477%; height: 39px;\">lundi 7\u00a0 juillet 2026 (jusqu&rsquo;au vendredi 22 ao\u00fbt)<\/td>\n<\/tr>\n<tr style=\"height: 39px;\">\n<td style=\"width: 38.2102%; height: 39px;\"><\/td>\n<td style=\"width: 61.6477%; height: 39px;\"><\/td>\n<\/tr>\n<tr style=\"height: 39px;\">\n<td style=\"width: 38.2102%; height: 39px;\"><\/td>\n<td style=\"width: 61.6477%; height: 39px;\"><\/td>\n<\/tr>\n<tr style=\"height: 39px;\">\n<td style=\"width: 38.2102%; height: 39px;\"><\/td>\n<td style=\"width: 61.6477%; height: 39px;\"><span style=\"color: #000000;\">\u00a0<\/span><\/td>\n<\/tr>\n<\/tbody>\n<\/table>\n<\/td>\n<\/tr>\n<tr>\n<td><strong><u>R\u00e9union de rentr\u00e9e<\/u>\u00a0: <\/strong><span style=\"color: #000000;\">jeudi 4 septembre \u00e0 18h00 dans la cour de l&rsquo;\u00e9glise.<\/span><strong><u><br \/>\n<\/u><\/strong><strong><u>R\u00e9unions individuelles avec les professeurs\u00a0et bulletins<\/u>:<br \/>\n<\/strong><span style=\"color: #000000;\">&#8211;\u00a0 27 novembre 2025 : remise des bulletins trimestre 1 \u00e0 la r\u00e9union des parents (sur rdv).<\/span><br \/>\n<span style=\"color: #000000;\">&#8211;\u00a0 24 mars 2026 : remise des bulletins trimestre 2 \u00e0 la r\u00e9union des parents (sur convocation).<\/span><br \/>\n<span style=\"color: #000000;\">&#8211; 03 juillet 2026 : remise des bulletins trimestre 3 \u00e0 la r\u00e9union des parents (sur rdv) et suspension des cours.<\/span><br \/>\n<strong><u><br \/>\nJourn\u00e9es p\u00e9dagogiques<\/u><\/strong> :<br \/>\n<span style=\"color: #000000;\">&#8211; 11 et 12 septembre 2025.<\/span><br \/>\n<span style=\"color: #000000;\">&#8211; 15 mai 2026.<\/p>\n<p><\/span><strong><span style=\"text-decoration: underline;\">\u00c9v\u00e8nements religieux:<\/span><br \/>\n<\/strong><span style=\"color: #000000;\">&#8211; 17 octobre 2025 : b\u00e9n\u00e9diction des cartables.<strong><br \/>\n<\/strong>&#8211;\u00a0 12 d\u00e9cembre 2025 : concert et march\u00e9 de No\u00ebl.<\/span><br \/>\n<strong><br \/>\n<\/strong><span style=\"text-decoration: underline;\"><strong>\u00c9v\u00e8nements scolaires:<br \/>\n<\/strong><\/span><span style=\"color: #000000;\">&#8211; 26 ao\u00fbt 2025 : journ\u00e9e f\u00e9d\u00e9ratrice des P1.<\/span><br \/>\n<span style=\"color: #000000;\">&#8211; 23 septembre 2025 : activit\u00e9 \u00ab\u00a0je cours autour du monde\u00a0\u00bb.<br \/>\n&#8211; Du 25 au 26 septembre 2025 : voyage P1-P2 Tilf.<br \/>\n&#8211; 03 octobre 2025 : balade cont\u00e9e de l&rsquo;AP.<br \/>\n&#8211; 07 octobre 2025 : journ\u00e9e sportive des P4 \u00e0 l&rsquo;EFAN.<br \/>\n&#8211; 08 octobre 2025 : th\u00e9\u00e2tre \u00e0 l&rsquo;\u00e9cole : maternelles-P1-P2.<br \/>\n&#8211; 09 octobre 2025 : fermeture des classes P5-P6 (enseignants en formation).<br \/>\n<\/span><span style=\"color: #000000;\">&#8211; 16 octobre 2025 : journ\u00e9e photos.<br \/>\n&#8211; Du 12 au 14 novembre 2025 : voyage \u00e0 Chevetogne P3-P4.<br \/>\n&#8211; Du 17 au 28 novembre 2025 : festival du livre \u00e0 l&rsquo;\u00e9cole.<br \/>\n&#8211; 20 novembre 2025 : excursion au Delta de Namur P6A-P6B.<br \/>\n&#8211;\u00a0 05 d\u00e9cembre 2025 : Saint-Nicolas \u00e0 l&rsquo;Efan.<br \/>\n&#8211; 09 d\u00e9cembre 2025 : th\u00e9\u00e2tre \u00e0 l&rsquo;\u00e9cole : P3-P4-P5-P6.<\/span><br \/>\n<span style=\"color: #000000;\">&#8211; 12 janvier 2026 : f\u00eate du merci.<br \/>\n&#8211; 23 janvier 2026 : spectacle \u00ab\u00a03 chardons\u00a0\u00bb en maternelles.<\/span><br \/>\n<span style=\"color: #000000;\">&#8211; 04 f\u00e9vrier 2026 : invitation au coll\u00e8ge P6A-P6B.<\/span><br \/>\n<span style=\"color: #000000;\">&#8211; 08 avril 2026 : th\u00e9\u00e2tre \u00e0 l&rsquo;\u00e9cole : maternelles-P1-P2.<\/span><br \/>\n<span style=\"color: #000000;\">&#8211; 10 avril 2026 : excursion au Tilt maternelles.<\/span><br \/>\n<span style=\"color: #000000;\">&#8211; 30 mai 2026 : Fancy Fair.<br \/>\n&#8211; Du 18 au 23 juin 2026: CEB.<br \/>\n&#8211; 01 juillet 2026 : c\u00e9r\u00e9monie de remise des CEB, boum des P6.<br \/>\n&#8211; 02 juillet 2026 : journ\u00e9e excursions en primaire et journ\u00e9e des maternelles \u00e0 l&rsquo;\u00e9cole.<\/span><\/p>\n<p><strong><u>Association de Parents\u00a0:<br \/>\n<\/u><\/strong><span style=\"color: #000000;\">&#8211; 10 septembre 2025 : assembl\u00e9e g\u00e9n\u00e9rale des parents (AG).<strong><u><br \/>\n<\/u><\/strong><\/span><strong><u><br \/>\n<\/u><\/strong><\/td>\n<\/tr>\n<tr>\n<td><strong>\u00a0<\/strong><\/td>\n<\/tr>\n<\/tbody>\n<\/table>\n","protected":false},"excerpt":{"rendered":"<p>Ann\u00e9e scolaire 2025-2026 Rentr\u00e9e scolaire lundi 25 ao\u00fbt 2025 Cong\u00e9 d&rsquo;automne (Toussaint) du lundi 20 octobre 2025 au vendredi 31 octobre 2025 Armistice lundi 11 novembre 2025 Vacances d&rsquo;hiver (No\u00ebl) du lundi 22 d\u00e9cembre 2025 au vendredi 2 janvier 2026 Cong\u00e9 de d\u00e9tente (Carnaval) du lundi 16 f\u00e9vrier 2026 au vendredi 27 f\u00e9vrier 2026 Lundi &hellip; <\/p>\n<p><a class=\"more-link btn\" href=\"https:\/\/efan.be\/index.php\/agenda\/\">Lire la suite<\/a><\/p>\n","protected":false},"author":15,"featured_media":0,"parent":0,"menu_order":0,"comment_status":"closed","ping_status":"closed","template":"","meta":[],"_links":{"self":[{"href":"https:\/\/efan.be\/index.php\/wp-json\/wp\/v2\/pages\/52"}],"collection":[{"href":"https:\/\/efan.be\/index.php\/wp-json\/wp\/v2\/pages"}],"about":[{"href":"https:\/\/efan.be\/index.php\/wp-json\/wp\/v2\/types\/page"}],"author":[{"embeddable":true,"href":"https:\/\/efan.be\/index.php\/wp-json\/wp\/v2\/users\/15"}],"replies":[{"embeddable":true,"href":"https:\/\/efan.be\/index.php\/wp-json\/wp\/v2\/comments?post=52"}],"version-history":[{"count":63,"href":"https:\/\/efan.be\/index.php\/wp-json\/wp\/v2\/pages\/52\/revisions"}],"predecessor-version":[{"id":7293,"href":"https:\/\/efan.be\/index.php\/wp-json\/wp\/v2\/pages\/52\/revisions\/7293"}],"wp:attachment":[{"href":"https:\/\/efan.be\/index.php\/wp-json\/wp\/v2\/media?parent=52"}],"curies":[{"name":"wp","href":"https:\/\/api.w.org\/{rel}","templated":true}]}}