{"id":57,"date":"2017-04-03T12:40:47","date_gmt":"2017-04-03T10:40:47","guid":{"rendered":"http:\/\/efan.be\/?page_id=57"},"modified":"2025-12-04T09:12:05","modified_gmt":"2025-12-04T08:12:05","slug":"le-comite","status":"publish","type":"page","link":"https:\/\/efan.be\/index.php\/le-comite\/","title":{"rendered":"L&rsquo;association de parents"},"content":{"rendered":"<p><img loading=\"lazy\" class=\"size-full wp-image-329 aligncenter\" src=\"http:\/\/efan.be\/wp-content\/uploads\/2017\/04\/AP_logo-small-Copie.png\" alt=\"\" width=\"268\" height=\"268\" srcset=\"https:\/\/efan.be\/wp-content\/uploads\/2017\/04\/AP_logo-small-Copie.png 268w, https:\/\/efan.be\/wp-content\/uploads\/2017\/04\/AP_logo-small-Copie-150x150.png 150w\" sizes=\"(max-width: 268px) 100vw, 268px\" \/><\/p>\n<p>L\u2019AP est une association qui regroupe les parents d\u2019\u00e9l\u00e8ves de l\u2019\u00e9cole qui a pour but d\u2019<strong>organiser diff\u00e9rentes manifestations<\/strong> permettant la r\u00e9colte de fonds. Ceux-ci sont utilis\u00e9s pour agr\u00e9menter la vie des \u00e9l\u00e8ves et participer \u00e0 financer les projets en cours dans les diff\u00e9rents cycles.<\/p>\n<p>Le Comit\u00e9 est \u00e9galement un <strong>lien entre la direction, les parents et les enseignants<\/strong>, au travers de son implication dans le <strong><u>Conseil de participation de l\u2019\u00e9cole<\/u><\/strong>. Trois rencontres sont organis\u00e9es par an afin d\u2019apporter ensemble des nouvelles solutions aux probl\u00e9matiques qui se posent \u00e0 l\u2019\u00e9cole.<\/p>\n<p>Il s\u2019agit surtout d\u2019un lieu d\u2019\u00e9changes, de consultation et de r\u00e9flexion qui porte sur la vie quotidienne \u00e0 l\u2019\u00e9cole\u00a0: projets, immersion linguistique, hygi\u00e8ne, s\u00e9curit\u00e9, citoyennet\u00e9, activit\u00e9s sportives et culturelles, voyage, \u00e9ducation au respect de l\u2019environnement, &#8230; . C\u2019est le seul lieu o\u00f9 se rencontrent et s\u2019expriment \u00e0 la fois l\u2019\u00e9quipe \u00e9ducative, le pouvoir organisateur et les parents.<\/p>\n<p><strong>Les membres du comit\u00e9 d&rsquo;administration de\u00a0l\u2019AP <\/strong><\/p>\n<p><strong>Co-pr\u00e9sidentes:<\/strong><\/p>\n<p>C\u00e9line Bouvier et Nadia Mohdad.<\/p>\n<p><strong>Co-secr\u00e9taires:<\/strong><\/p>\n<p>M\u00e9lanie Dewitte et Marie-Charlotte Thiry.<\/p>\n<p><strong>Co-tr\u00e9sori\u00e8res:<\/strong><\/p>\n<p>Marie G\u00e9onet et Louis Borsu.<\/p>\n\n\t\t<style type=\"text\/css\">\n\t\t\t#gallery-1 {\n\t\t\t\tmargin: auto;\n\t\t\t}\n\t\t\t#gallery-1 .gallery-item {\n\t\t\t\tfloat: left;\n\t\t\t\tmargin-top: 10px;\n\t\t\t\ttext-align: center;\n\t\t\t\twidth: 100%;\n\t\t\t}\n\t\t\t#gallery-1 img {\n\t\t\t\tborder: 2px solid #cfcfcf;\n\t\t\t}\n\t\t\t#gallery-1 .gallery-caption {\n\t\t\t\tmargin-left: 0;\n\t\t\t}\n\t\t\t\/* see gallery_shortcode() in wp-includes\/media.php *\/\n\t\t<\/style>\n\t\t<div id='gallery-1' class='gallery galleryid-57 gallery-columns-1 gallery-size-large'><dl class='gallery-item'>\n\t\t\t<dt class='gallery-icon landscape'>\n\t\t\t\t<a href='https:\/\/efan.be\/index.php\/le-comite\/received_20004470502302791\/'><img width=\"750\" height=\"365\" src=\"https:\/\/efan.be\/wp-content\/uploads\/2018\/10\/received_20004470502302791-1024x498.jpeg\" class=\"attachment-large size-large\" alt=\"\" loading=\"lazy\" aria-describedby=\"gallery-1-2030\" srcset=\"https:\/\/efan.be\/wp-content\/uploads\/2018\/10\/received_20004470502302791-1024x498.jpeg 1024w, https:\/\/efan.be\/wp-content\/uploads\/2018\/10\/received_20004470502302791-300x146.jpeg 300w, https:\/\/efan.be\/wp-content\/uploads\/2018\/10\/received_20004470502302791-768x373.jpeg 768w, https:\/\/efan.be\/wp-content\/uploads\/2018\/10\/received_20004470502302791-1170x569.jpeg 1170w, https:\/\/efan.be\/wp-content\/uploads\/2018\/10\/received_20004470502302791.jpeg 2016w\" sizes=\"(max-width: 750px) 100vw, 750px\" \/><\/a>\n\t\t\t<\/dt>\n\t\t\t\t<dd class='wp-caption-text gallery-caption' id='gallery-1-2030'>\n\t\t\t\tL&rsquo;\u00e9quipe\n\t\t\t\t<\/dd><\/dl><br style=\"clear: both\" \/><dl class='gallery-item'>\n\t\t\t<dt class='gallery-icon landscape'>\n\t\t\t\t<a href='https:\/\/efan.be\/index.php\/le-comite\/received_21748424727702321\/'><img width=\"750\" height=\"365\" src=\"https:\/\/efan.be\/wp-content\/uploads\/2018\/10\/received_21748424727702321-1024x498.jpeg\" class=\"attachment-large size-large\" alt=\"\" loading=\"lazy\" aria-describedby=\"gallery-1-2031\" srcset=\"https:\/\/efan.be\/wp-content\/uploads\/2018\/10\/received_21748424727702321-1024x498.jpeg 1024w, https:\/\/efan.be\/wp-content\/uploads\/2018\/10\/received_21748424727702321-300x146.jpeg 300w, https:\/\/efan.be\/wp-content\/uploads\/2018\/10\/received_21748424727702321-768x373.jpeg 768w, https:\/\/efan.be\/wp-content\/uploads\/2018\/10\/received_21748424727702321-1170x569.jpeg 1170w, https:\/\/efan.be\/wp-content\/uploads\/2018\/10\/received_21748424727702321.jpeg 2016w\" sizes=\"(max-width: 750px) 100vw, 750px\" \/><\/a>\n\t\t\t<\/dt>\n\t\t\t\t<dd class='wp-caption-text gallery-caption' id='gallery-1-2031'>\n\t\t\t\tles familles\n\t\t\t\t<\/dd><\/dl><br style=\"clear: both\" \/>\n\t\t<\/div>\n\n","protected":false},"excerpt":{"rendered":"<p>L\u2019AP est une association qui regroupe les parents d\u2019\u00e9l\u00e8ves de l\u2019\u00e9cole qui a pour but d\u2019organiser diff\u00e9rentes manifestations permettant la r\u00e9colte de fonds. Ceux-ci sont utilis\u00e9s pour agr\u00e9menter la vie des \u00e9l\u00e8ves et participer \u00e0 financer les projets en cours dans les diff\u00e9rents cycles. Le Comit\u00e9 est \u00e9galement un lien entre la direction, les parents &hellip; <\/p>\n<p><a class=\"more-link btn\" href=\"https:\/\/efan.be\/index.php\/le-comite\/\">Lire la suite<\/a><\/p>\n","protected":false},"author":15,"featured_media":0,"parent":0,"menu_order":0,"comment_status":"closed","ping_status":"closed","template":"","meta":[],"_links":{"self":[{"href":"https:\/\/efan.be\/index.php\/wp-json\/wp\/v2\/pages\/57"}],"collection":[{"href":"https:\/\/efan.be\/index.php\/wp-json\/wp\/v2\/pages"}],"about":[{"href":"https:\/\/efan.be\/index.php\/wp-json\/wp\/v2\/types\/page"}],"author":[{"embeddable":true,"href":"https:\/\/efan.be\/index.php\/wp-json\/wp\/v2\/users\/15"}],"replies":[{"embeddable":true,"href":"https:\/\/efan.be\/index.php\/wp-json\/wp\/v2\/comments?post=57"}],"version-history":[{"count":10,"href":"https:\/\/efan.be\/index.php\/wp-json\/wp\/v2\/pages\/57\/revisions"}],"predecessor-version":[{"id":7460,"href":"https:\/\/efan.be\/index.php\/wp-json\/wp\/v2\/pages\/57\/revisions\/7460"}],"wp:attachment":[{"href":"https:\/\/efan.be\/index.php\/wp-json\/wp\/v2\/media?parent=57"}],"curies":[{"name":"wp","href":"https:\/\/api.w.org\/{rel}","templated":true}]}}